{"id":47611,"date":"2022-08-09T15:16:42","date_gmt":"2022-08-09T15:16:42","guid":{"rendered":"https:\/\/oaktreedentaljax.com\/review\/"},"modified":"2026-04-22T09:03:34","modified_gmt":"2026-04-22T13:03:34","slug":"review","status":"publish","type":"page","link":"https:\/\/oaktreedentaljax.com\/es\/review\/","title":{"rendered":"Consulte"},"content":{"rendered":"<div id=\"cs-content\" class=\"cs-content\"><div class=\"x-section e47611-e1 m10qj-0 m10qj-1 m10qj-3 hero_video\" style=\"--tco-dc10qj-1:rgb(47, 150, 190);--tco-dc10qj-4:rgb(47, 150, 190);\"><div class=\"x-bg\" aria-hidden=\"true\"><div class=\"x-bg-layer-lower-color\"><\/div><div class=\"x-bg-layer-upper-color\"><\/div><\/div><div class=\"x-row x-container max width e47611-e2 m10qj-4 m10qj-5 m10qj-6 m10qj-9 m10qj-a\"><div class=\"x-row-inner\"><div class=\"x-col e47611-e3 m10qj-d m10qj-e m10qj-f\"><div class=\"x-div e47611-e4 m10qj-i\"><div class=\"x-text x-content e47611-e5 m10qj-j m10qj-k m10qj-l m10qj-m m10qj-n m10qj-o\"><p class=\"p9px txt_white\">Se Habla Espa\u00f1ol<\/p><\/div><div class=\"x-text x-content e47611-e6 m10qj-j m10qj-k m10qj-l m10qj-m m10qj-n m10qj-o\"><p class=\"p9px txt_white\">Citas de urgencia disponibles<\/p><\/div><\/div><div class=\"x-text x-content e47611-e7 m10qj-j m10qj-m m10qj-o m10qj-p\"><a class=\"x-image\" href=\"\/es\/homepage\/\" style=\"outline: none;\"><img sizes=\"(max-width: 960px) 100vw, 960px\" srcset=\"https:\/\/oaktreedentaljax.com\/wp-content\/uploads\/sites\/29\/2025\/09\/GPI-0128-001_OTD_White_960x374.png 960w, https:\/\/oaktreedentaljax.com\/wp-content\/uploads\/sites\/29\/2025\/09\/GPI-0128-001_OTD_White_960x374-300x117.png 300w, https:\/\/oaktreedentaljax.com\/wp-content\/uploads\/sites\/29\/2025\/09\/GPI-0128-001_OTD_White_960x374-768x299.png 768w, https:\/\/oaktreedentaljax.com\/wp-content\/uploads\/sites\/29\/2025\/09\/GPI-0128-001_OTD_White_960x374-18x7.png 18w, https:\/\/oaktreedentaljax.com\/wp-content\/uploads\/sites\/29\/2025\/09\/GPI-0128-001_OTD_White_960x374-100x39.png 100w\" decoding=\"async\" src=\"https:\/\/oaktreedentaljax.com\/wp-content\/uploads\/sites\/29\/2025\/09\/GPI-0128-001_OTD_White_960x374.png\" width=\"450\" height=\"140\" alt=\"OakTree Dental Logo\" loading=\"lazy\"><\/a><\/div><\/div><\/div><\/div><div class=\"x-row x-container max width e47611-e8 m10qj-4 m10qj-6 m10qj-7 m10qj-9 m10qj-b\"><div class=\"x-row-inner\"><div class=\"x-col e47611-e9 m10qj-d m10qj-f m10qj-g\"><div class=\"x-text x-content e47611-e10 m10qj-j m10qj-m m10qj-n m10qj-q\"><h1 class=\"txt_white\">Por favor, h\u00e1ganos saber acerca de su visita o c\u00f3mo podemos mejorar.<\/h1><\/div><div class=\"x-text x-content e47611-e11 m10qj-j m10qj-k m10qj-m m10qj-o m10qj-r\"><p class=\"pdefault txt_white\">Puede llamarnos al <a href=\"tel:904-290-8766\" class=\"txt_white\">904-290-8766<\/a> si desea comentar cualquier problema o comentario.<\/p><\/div><\/div><\/div><\/div><\/div><div class=\"x-section e47611-e12 m10qj-0 m10qj-2\"><div class=\"x-row x-container max width e47611-e13 m10qj-4 m10qj-8 m10qj-c\"><div class=\"x-row-inner\"><div class=\"x-col e47611-e14 m10qj-f m10qj-h\"><div class=\"x-text x-content e47611-e15 m10qj-j m10qj-o m10qj-p m10qj-s\"><script id=\"2b637149-5ae6-4564-95c0-26c505637ad4-script\" src=\"https:\/\/app.hipaatizer.com\/shared\/hipaatizer-form-renderer.js\"><\/script>\n\t\t\t\t<script>\n\t\t\t\tnew Hipaatizer(\"2b637149-5ae6-4564-95c0-26c505637ad4\", false).render();\n\t\t\t\t<\/script><\/div><\/div><\/div><\/div><\/div><\/div>","protected":false},"excerpt":{"rendered":"<p>Se Habla Espa\u00f1olCitas de Emergencia DisponiblesPor favor, h\u00e1ganos saber acerca de su visita o c\u00f3mo podemos mejorar.Usted es siempre bienvenido a llamarnos al 904-290-8766 si desea discutir cualquier problema o comentario.<\/p>","protected":false},"author":1,"featured_media":0,"parent":0,"menu_order":0,"comment_status":"closed","ping_status":"closed","template":"template-blank-8.php","meta":{"footnotes":""},"class_list":["post-47611","page","type-page","status-publish","hentry","no-post-thumbnail"],"aioseo_notices":[],"aioseo_head":"\n\t\t<!-- All in One SEO Pro 4.9.6.2 - aioseo.com -->\n\t<meta name=\"description\" content=\"Se Habla Espa\u00f1olEmergency Appointments AvailablePlease let us know about your visit or how we can improve.You are always welcome to call us at 904-290-8766 if you would like discuss any issues or feedback.\" \/>\n\t<meta name=\"robots\" content=\"max-image-preview:large\" \/>\n\t<link rel=\"canonical\" href=\"https:\/\/oaktreedentaljax.com\/es\/review\/\" \/>\n\t<meta name=\"generator\" content=\"All in One SEO Pro (AIOSEO) 4.9.6.2\" \/>\n\t\t<meta property=\"og:locale\" content=\"es_ES\" \/>\n\t\t<meta property=\"og:site_name\" content=\"OakTree Dental - OakTree Dental\" \/>\n\t\t<meta property=\"og:type\" content=\"article\" \/>\n\t\t<meta property=\"og:title\" content=\"Review - OakTree Dental - Jacksonville Dentist Near You\" \/>\n\t\t<meta property=\"og:description\" content=\"Se Habla Espa\u00f1olEmergency Appointments AvailablePlease let us know about your visit or how we can improve.You are always welcome to call us at 904-290-8766 if you would like discuss any issues or feedback.\" \/>\n\t\t<meta property=\"og:url\" content=\"https:\/\/oaktreedentaljax.com\/es\/review\/\" \/>\n\t\t<meta property=\"og:image\" content=\"https:\/\/oaktreedentaljax.com\/wp-content\/uploads\/sites\/29\/2024\/07\/OTD-Template-Logos-and-review-bugs_OTD_IconColor1024x1024.png\" \/>\n\t\t<meta property=\"og:image:secure_url\" content=\"https:\/\/oaktreedentaljax.com\/wp-content\/uploads\/sites\/29\/2024\/07\/OTD-Template-Logos-and-review-bugs_OTD_IconColor1024x1024.png\" \/>\n\t\t<meta property=\"og:image:width\" content=\"1024\" \/>\n\t\t<meta property=\"og:image:height\" content=\"1024\" \/>\n\t\t<meta property=\"article:published_time\" content=\"2022-08-09T15:16:42+00:00\" \/>\n\t\t<meta property=\"article:modified_time\" content=\"2026-04-22T13:03:34+00:00\" \/>\n\t\t<meta name=\"twitter:card\" content=\"summary\" \/>\n\t\t<meta name=\"twitter:title\" content=\"Review - OakTree Dental - Jacksonville Dentist Near You\" \/>\n\t\t<meta name=\"twitter:description\" content=\"Se Habla Espa\u00f1olEmergency Appointments AvailablePlease let us know about your visit or how we can improve.You are always welcome to call us at 904-290-8766 if you would like discuss any issues or feedback.\" \/>\n\t\t<meta name=\"twitter:image\" content=\"https:\/\/oaktreedentaljax.com\/wp-content\/uploads\/sites\/29\/2024\/07\/OTD-Template-Logos-and-review-bugs_OTD_IconColor1024x1024.png\" \/>\n\t\t<script type=\"application\/ld+json\" class=\"aioseo-schema\">\n\t\t\t{\"@context\":\"https:\\\/\\\/schema.org\",\"@graph\":[{\"@type\":\"BreadcrumbList\",\"@id\":\"https:\\\/\\\/oaktreedentaljax.com\\\/es\\\/review\\\/#breadcrumblist\",\"itemListElement\":[{\"@type\":\"ListItem\",\"@id\":\"https:\\\/\\\/oaktreedentaljax.com\\\/es#listItem\",\"position\":1,\"name\":\"Home\",\"item\":\"https:\\\/\\\/oaktreedentaljax.com\\\/es\",\"nextItem\":{\"@type\":\"ListItem\",\"@id\":\"https:\\\/\\\/oaktreedentaljax.com\\\/es\\\/review\\\/#listItem\",\"name\":\"Review\"}},{\"@type\":\"ListItem\",\"@id\":\"https:\\\/\\\/oaktreedentaljax.com\\\/es\\\/review\\\/#listItem\",\"position\":2,\"name\":\"Review\",\"previousItem\":{\"@type\":\"ListItem\",\"@id\":\"https:\\\/\\\/oaktreedentaljax.com\\\/es#listItem\",\"name\":\"Home\"}}]},{\"@type\":\"Organization\",\"@id\":\"https:\\\/\\\/oaktreedentaljax.com\\\/es\\\/#organization\",\"name\":\"OakTree Dental\",\"description\":\"OakTree Dental\",\"url\":\"https:\\\/\\\/oaktreedentaljax.com\\\/es\\\/\",\"email\":\"office@oaktreedentaljax.com\",\"telephone\":\"+19042908766\",\"logo\":{\"@type\":\"ImageObject\",\"url\":\"https:\\\/\\\/master.operationdental.com\\\/wp-content\\\/uploads\\\/2024\\\/07\\\/OTD-Template-Logos-and-review-bugs_OTD_Logocolor750w.png\",\"@id\":\"https:\\\/\\\/oaktreedentaljax.com\\\/es\\\/review\\\/#organizationLogo\"},\"image\":{\"@id\":\"https:\\\/\\\/oaktreedentaljax.com\\\/es\\\/review\\\/#organizationLogo\"},\"address\":{\"@id\":\"https:\\\/\\\/oaktreedentaljax.com\\\/es\\\/#postaladdress\",\"@type\":\"PostalAddress\",\"streetAddress\":\"14595 Philips Hwy,\",\"postalCode\":\"32256\",\"addressLocality\":\"Jacksonville\",\"addressRegion\":\"Florida\",\"addressCountry\":\"US\"}},{\"@type\":\"WebPage\",\"@id\":\"https:\\\/\\\/oaktreedentaljax.com\\\/es\\\/review\\\/#webpage\",\"url\":\"https:\\\/\\\/oaktreedentaljax.com\\\/es\\\/review\\\/\",\"name\":\"Review - OakTree Dental - Jacksonville Dentist Near You\",\"description\":\"Se Habla Espa\\u00f1olEmergency Appointments AvailablePlease let us know about your visit or how we can improve.You are always welcome to call us at 904-290-8766 if you would like discuss any issues or feedback.\",\"inLanguage\":\"es-ES\",\"isPartOf\":{\"@id\":\"https:\\\/\\\/oaktreedentaljax.com\\\/es\\\/#website\"},\"breadcrumb\":{\"@id\":\"https:\\\/\\\/oaktreedentaljax.com\\\/es\\\/review\\\/#breadcrumblist\"},\"datePublished\":\"2022-08-09T15:16:42-04:00\",\"dateModified\":\"2026-04-22T09:03:34-04:00\"},{\"@type\":\"WebSite\",\"@id\":\"https:\\\/\\\/oaktreedentaljax.com\\\/es\\\/#website\",\"url\":\"https:\\\/\\\/oaktreedentaljax.com\\\/es\\\/\",\"name\":\"OakTree Dental\",\"description\":\"OakTree Dental\",\"inLanguage\":\"es-ES\",\"publisher\":{\"@id\":\"https:\\\/\\\/oaktreedentaljax.com\\\/es\\\/#organization\"}}]}\n\t\t<\/script>\n\t\t<!-- All in One SEO Pro -->\r\n\t\t<title>Review - OakTree Dental - Jacksonville Dentist Near You<\/title>\n\n","aioseo_head_json":{"title":"Rese\u00f1a - OakTree Dental - Jacksonville Dentist Near You","description":"Se Habla Espa\u00f1olCitas de Emergencia DisponiblesPor favor, h\u00e1ganos saber acerca de su visita o c\u00f3mo podemos mejorar.Usted es siempre bienvenido a llamarnos al 904-290-8766 si desea discutir cualquier problema o comentario.","canonical_url":"https:\/\/oaktreedentaljax.com\/es\/review\/","robots":"max-image-preview:large","keywords":"","webmasterTools":{"miscellaneous":""},"schema":{"@context":"https:\/\/schema.org","@graph":[{"@type":"BreadcrumbList","@id":"https:\/\/oaktreedentaljax.com\/es\/review\/#breadcrumblist","itemListElement":[{"@type":"ListItem","@id":"https:\/\/oaktreedentaljax.com\/es#listItem","position":1,"name":"Home","item":"https:\/\/oaktreedentaljax.com\/es","nextItem":{"@type":"ListItem","@id":"https:\/\/oaktreedentaljax.com\/es\/review\/#listItem","name":"Review"}},{"@type":"ListItem","@id":"https:\/\/oaktreedentaljax.com\/es\/review\/#listItem","position":2,"name":"Review","previousItem":{"@type":"ListItem","@id":"https:\/\/oaktreedentaljax.com\/es#listItem","name":"Home"}}]},{"@type":"Organization","@id":"https:\/\/oaktreedentaljax.com\/es\/#organization","name":"OakTree Dental","description":"OakTree Dental","url":"https:\/\/oaktreedentaljax.com\/es\/","email":"office@oaktreedentaljax.com","telephone":"+19042908766","logo":{"@type":"ImageObject","url":"https:\/\/master.operationdental.com\/wp-content\/uploads\/2024\/07\/OTD-Template-Logos-and-review-bugs_OTD_Logocolor750w.png","@id":"https:\/\/oaktreedentaljax.com\/es\/review\/#organizationLogo"},"image":{"@id":"https:\/\/oaktreedentaljax.com\/es\/review\/#organizationLogo"},"address":{"@id":"https:\/\/oaktreedentaljax.com\/es\/#postaladdress","@type":"PostalAddress","streetAddress":"14595 Philips Hwy,","postalCode":"32256","addressLocality":"Jacksonville","addressRegion":"Florida","addressCountry":"US"}},{"@type":"WebPage","@id":"https:\/\/oaktreedentaljax.com\/es\/review\/#webpage","url":"https:\/\/oaktreedentaljax.com\/es\/review\/","name":"Review - OakTree Dental - Jacksonville Dentist Near You","description":"Se Habla Espa\u00f1olEmergency Appointments AvailablePlease let us know about your visit or how we can improve.You are always welcome to call us at 904-290-8766 if you would like discuss any issues or feedback.","inLanguage":"es-ES","isPartOf":{"@id":"https:\/\/oaktreedentaljax.com\/es\/#website"},"breadcrumb":{"@id":"https:\/\/oaktreedentaljax.com\/es\/review\/#breadcrumblist"},"datePublished":"2022-08-09T15:16:42-04:00","dateModified":"2026-04-22T09:03:34-04:00"},{"@type":"WebSite","@id":"https:\/\/oaktreedentaljax.com\/es\/#website","url":"https:\/\/oaktreedentaljax.com\/es\/","name":"OakTree Dental","description":"OakTree Dental","inLanguage":"es-ES","publisher":{"@id":"https:\/\/oaktreedentaljax.com\/es\/#organization"}}]},"og:locale":"es_ES","og:site_name":"OakTree Dental - OakTree Dental","og:type":"article","og:title":"Review - OakTree Dental - Jacksonville Dentist Near You","og:description":"Se Habla Espa\u00f1olEmergency Appointments AvailablePlease let us know about your visit or how we can improve.You are always welcome to call us at 904-290-8766 if you would like discuss any issues or feedback.","og:url":"https:\/\/oaktreedentaljax.com\/es\/review\/","og:image":"https:\/\/oaktreedentaljax.com\/wp-content\/uploads\/sites\/29\/2024\/07\/OTD-Template-Logos-and-review-bugs_OTD_IconColor1024x1024.png","og:image:secure_url":"https:\/\/oaktreedentaljax.com\/wp-content\/uploads\/sites\/29\/2024\/07\/OTD-Template-Logos-and-review-bugs_OTD_IconColor1024x1024.png","og:image:width":1024,"og:image:height":1024,"article:published_time":"2022-08-09T15:16:42+00:00","article:modified_time":"2026-04-22T13:03:34+00:00","twitter:card":"summary","twitter:title":"Review - OakTree Dental - Jacksonville Dentist Near You","twitter:description":"Se Habla Espa\u00f1olEmergency Appointments AvailablePlease let us know about your visit or how we can improve.You are always welcome to call us at 904-290-8766 if you would like discuss any issues or feedback.","twitter:image":"https:\/\/oaktreedentaljax.com\/wp-content\/uploads\/sites\/29\/2024\/07\/OTD-Template-Logos-and-review-bugs_OTD_IconColor1024x1024.png"},"aioseo_meta_data":{"post_id":"47611","title":null,"description":null,"keywords":null,"keyphrases":null,"primary_term":null,"canonical_url":null,"og_title":null,"og_description":null,"og_object_type":"default","og_image_type":"default","og_image_url":null,"og_image_width":null,"og_image_height":null,"og_image_custom_url":null,"og_image_custom_fields":null,"og_video":null,"og_custom_url":null,"og_article_section":null,"og_article_tags":null,"twitter_use_og":false,"twitter_card":"default","twitter_image_type":"default","twitter_image_url":null,"twitter_image_custom_url":null,"twitter_image_custom_fields":null,"twitter_title":null,"twitter_description":null,"schema":{"blockGraphs":[],"customGraphs":[],"default":{"data":{"Article":[],"Course":[],"Dataset":[],"FAQPage":[],"Movie":[],"Person":[],"Product":[],"ProductReview":[],"Car":[],"Recipe":[],"Service":[],"SoftwareApplication":[],"WebPage":[]},"graphName":"","isEnabled":true},"graphs":[]},"schema_type":"default","schema_type_options":null,"pillar_content":false,"robots_default":true,"robots_noindex":false,"robots_noarchive":false,"robots_nosnippet":false,"robots_nofollow":false,"robots_noimageindex":false,"robots_noodp":false,"robots_notranslate":false,"robots_max_snippet":null,"robots_max_videopreview":null,"robots_max_imagepreview":"large","priority":null,"frequency":null,"local_seo":null,"seo_analyzer_scan_date":"2026-04-22 13:07:40","breadcrumb_settings":null,"limit_modified_date":false,"reviewed_by":null,"open_ai":null,"ai":null,"created":"2023-10-18 17:10:56","updated":"2026-04-22 13:09:14"},"aioseo_breadcrumb":"<div class=\"aioseo-breadcrumbs\"><span class=\"aioseo-breadcrumb\">\n\t<a href=\"https:\/\/oaktreedentaljax.com\/es\" title=\"Home\">Home<\/a>\n<\/span><span class=\"aioseo-breadcrumb-separator\">\u00bb<\/span><span class=\"aioseo-breadcrumb\">\n\tReview\n<\/span><\/div>","aioseo_breadcrumb_json":[{"label":"Home","link":"https:\/\/oaktreedentaljax.com\/es"},{"label":"Review","link":"https:\/\/oaktreedentaljax.com\/es\/review\/"}],"_links":{"self":[{"href":"https:\/\/oaktreedentaljax.com\/es\/wp-json\/wp\/v2\/pages\/47611","targetHints":{"allow":["GET"]}}],"collection":[{"href":"https:\/\/oaktreedentaljax.com\/es\/wp-json\/wp\/v2\/pages"}],"about":[{"href":"https:\/\/oaktreedentaljax.com\/es\/wp-json\/wp\/v2\/types\/page"}],"author":[{"embeddable":true,"href":"https:\/\/oaktreedentaljax.com\/es\/wp-json\/wp\/v2\/users\/1"}],"replies":[{"embeddable":true,"href":"https:\/\/oaktreedentaljax.com\/es\/wp-json\/wp\/v2\/comments?post=47611"}],"version-history":[{"count":0,"href":"https:\/\/oaktreedentaljax.com\/es\/wp-json\/wp\/v2\/pages\/47611\/revisions"}],"wp:attachment":[{"href":"https:\/\/oaktreedentaljax.com\/es\/wp-json\/wp\/v2\/media?parent=47611"}],"curies":[{"name":"wp","href":"https:\/\/api.w.org\/{rel}","templated":true}]}}