{"id":47587,"date":"2020-08-26T13:06:17","date_gmt":"2020-08-26T13:06:17","guid":{"rendered":"https:\/\/oaktreedentaljax.com\/inhouse-discount-plan\/"},"modified":"2026-04-01T12:24:44","modified_gmt":"2026-04-01T16:24:44","slug":"inhouse-discount-plan","status":"publish","type":"page","link":"https:\/\/oaktreedentaljax.com\/es\/inhouse-discount-plan\/","title":{"rendered":"Plan de descuentos internos"},"content":{"rendered":"<div id=\"cs-content\" class=\"cs-content\"><div class=\"x-section e47587-e1 m10pv-0 m10pv-1 m10pv-2 m10pv-6 hero_video\"><div class=\"x-bg\"><div class=\"x-bg-layer-lower-img\"><img sizes=\"(max-width: 1300px) 100vw, 1300px\" srcset=\"https:\/\/oaktreedentaljax.com\/wp-content\/uploads\/sites\/29\/2021\/08\/Family.jpg 1300w, https:\/\/oaktreedentaljax.com\/wp-content\/uploads\/sites\/29\/2021\/08\/Family-300x208.jpg 300w, https:\/\/oaktreedentaljax.com\/wp-content\/uploads\/sites\/29\/2021\/08\/Family-1024x709.jpg 1024w, https:\/\/oaktreedentaljax.com\/wp-content\/uploads\/sites\/29\/2021\/08\/Family-768x532.jpg 768w, https:\/\/oaktreedentaljax.com\/wp-content\/uploads\/sites\/29\/2021\/08\/Family-100x69.jpg 100w\" decoding=\"async\" src=\"\/wp-content\/uploads\/2021\/08\/Family.jpg\" alt=\"A smiling woman and man sit on a couch playing video games with controllers, while a young girl behind them cheers with her arms raised, all appearing happy and excited in a bright living room.\"\/><\/div><div class=\"x-bg-layer-upper-color\" aria-hidden=\"true\"><\/div><\/div><div class=\"x-row x-container max width e47587-e2 m10pv-7 m10pv-8 m10pv-9 m10pv-k m10pv-l\"><div class=\"x-row-inner\"><div class=\"x-col e47587-e3 m10pv-t m10pv-u m10pv-v m10pv-w m10pv-x m10pv-y\"><div class=\"x-div e47587-e4 m10pv-17\"><div class=\"x-text x-content e47587-e5 m10pv-18 m10pv-19 m10pv-1a m10pv-1b m10pv-1c m10pv-1d m10pv-1e m10pv-1f\"><p class=\"p9px txt_white\">Se Habla Espa\u00f1ol<\/p><\/div><div class=\"x-text x-content e47587-e6 m10pv-18 m10pv-19 m10pv-1a m10pv-1b m10pv-1c m10pv-1d m10pv-1e m10pv-1f\"><p class=\"p9px txt_white\">Citas de urgencia disponibles<\/p><\/div><\/div><div class=\"x-text x-content e47587-e7 m10pv-18 m10pv-1a m10pv-1c m10pv-1d m10pv-1f m10pv-1g\"><a class=\"x-image\" href=\"\/es\/homepage\/\" style=\"outline: none;\"><img sizes=\"(max-width: 960px) 100vw, 960px\" srcset=\"https:\/\/oaktreedentaljax.com\/wp-content\/uploads\/sites\/29\/2025\/09\/GPI-0128-001_OTD_White_960x374.png 960w, https:\/\/oaktreedentaljax.com\/wp-content\/uploads\/sites\/29\/2025\/09\/GPI-0128-001_OTD_White_960x374-300x117.png 300w, https:\/\/oaktreedentaljax.com\/wp-content\/uploads\/sites\/29\/2025\/09\/GPI-0128-001_OTD_White_960x374-768x299.png 768w, https:\/\/oaktreedentaljax.com\/wp-content\/uploads\/sites\/29\/2025\/09\/GPI-0128-001_OTD_White_960x374-18x7.png 18w, https:\/\/oaktreedentaljax.com\/wp-content\/uploads\/sites\/29\/2025\/09\/GPI-0128-001_OTD_White_960x374-100x39.png 100w\" decoding=\"async\" src=\"https:\/\/oaktreedentaljax.com\/wp-content\/uploads\/sites\/29\/2025\/09\/GPI-0128-001_OTD_White_960x374.png\" width=\"450\" height=\"140\" alt=\"OakTree Dental Logo\" loading=\"lazy\"><\/a><\/div><\/div><\/div><\/div><div class=\"x-row x-container max width e47587-e8 m10pv-7 m10pv-a m10pv-k m10pv-m\"><div class=\"x-row-inner\"><div class=\"x-col e47587-e9 m10pv-t m10pv-v m10pv-x m10pv-y m10pv-z m10pv-10\"><div class=\"x-text x-content e47587-e10 m10pv-18 m10pv-1a m10pv-1c m10pv-1d m10pv-1e m10pv-1h m10pv-1i\"><h1 class=\"txt_white\">Cobertura dental para usted y toda su familia<\/h1><\/div><\/div><\/div><\/div><\/div><div class=\"x-section e47587-e11 m10pv-0 m10pv-2 m10pv-3 m10pv-4\" style=\"--tco-dc10pv-1:rgba(192, 175, 142, 0.3);--tco-dc10pv-4:rgba(192, 175, 142, 0.3);\"><div class=\"x-row x-container max width e47587-e12 m10pv-7 m10pv-b m10pv-c m10pv-d m10pv-e m10pv-k m10pv-n\" style=\"--tco-dc10pv-7:rgb(255, 255, 255);--tco-dc10pv-a:rgb(255, 255, 255);--tco-dc10pv-d:rgb(255, 255, 255);\"><div class=\"x-row-inner\"><div class=\"x-col e47587-e13 m10pv-t m10pv-u m10pv-x m10pv-y m10pv-11 m10pv-12\"><div class=\"x-text x-content e47587-e14 m10pv-18 m10pv-1h m10pv-1j m10pv-1k m10pv-1l m10pv-1m m10pv-1n m10pv-1o\"><h2>En OakTree Dental, queremos ofrecer un cuidado dental c\u00f3modo y de alta calidad a todo el mundo.<\/h2><\/div><div class=\"x-text x-content e47587-e15 m10pv-18 m10pv-19 m10pv-1j m10pv-1l m10pv-1m m10pv-1n m10pv-1o m10pv-1p\"><p class=\"pdefault\">Los pacientes sin seguro a\u00fan pueden ahorrar en nuestros excelentes servicios odontol\u00f3gicos generales, preventivos y est\u00e9ticos.<\/p>\n<p class=\"pdefault\">Por eso ofrecemos un plan interno de descuentos. El plan incluye el mismo cuidado dental profesional superior que usted espera mientras que goza de ahorros significativos en procedimientos dentales regulares. Ofreciendo descuentos entre <b>10 a 20%<\/b>\u00a0en la mayor\u00eda de los procedimientos dentales, desde limpiezas dentales hasta empastes.<\/p><\/div><\/div><div class=\"x-col e47587-e16 m10pv-t m10pv-v m10pv-x m10pv-z m10pv-13 m10pv-14\"><div class=\"x-bg\"><div class=\"x-bg-layer-lower-img\"><img sizes=\"(max-width: 900px) 100vw, 900px\" srcset=\"https:\/\/oaktreedentaljax.com\/wp-content\/uploads\/sites\/29\/2021\/12\/master_spl_InHouse.jpg 900w, https:\/\/oaktreedentaljax.com\/wp-content\/uploads\/sites\/29\/2021\/12\/master_spl_InHouse-300x300.jpg 300w, https:\/\/oaktreedentaljax.com\/wp-content\/uploads\/sites\/29\/2021\/12\/master_spl_InHouse-150x150.jpg 150w, https:\/\/oaktreedentaljax.com\/wp-content\/uploads\/sites\/29\/2021\/12\/master_spl_InHouse-768x768.jpg 768w, https:\/\/oaktreedentaljax.com\/wp-content\/uploads\/sites\/29\/2021\/12\/master_spl_InHouse-12x12.jpg 12w, https:\/\/oaktreedentaljax.com\/wp-content\/uploads\/sites\/29\/2021\/12\/master_spl_InHouse-100x100.jpg 100w\" decoding=\"async\" src=\"\/wp-content\/uploads\/2021\/12\/master_spl_InHouse.jpg\" alt=\"A smiling couple sits close together on a couch, sharing a pair of earphones and looking at a smartphone, enjoying music or a video in a cozy living room setting.\"\/><\/div><\/div><\/div><\/div><\/div><div class=\"x-row x-container max width e47587-e17 m10pv-7 m10pv-9 m10pv-b m10pv-e m10pv-f m10pv-k m10pv-o\" style=\"--tco-dc10pv-g:rgb(47, 150, 190);--tco-dc10pv-j:rgb(47, 150, 190);--tco-dc10pv-m:rgb(47, 150, 190);\"><div class=\"x-row-inner\"><div class=\"x-col e47587-e18 m10pv-t m10pv-v m10pv-x m10pv-y m10pv-z m10pv-15\"><div class=\"x-text x-content e47587-e19 m10pv-18 m10pv-1e m10pv-1h m10pv-1j m10pv-1k m10pv-1l m10pv-1m m10pv-1o\"><h2 class=\"txt_white\">\u00bfNo tiene seguro dental?<\/h2>\n<h3 class=\"txt_white\">No hay problema.<\/h3><\/div><\/div><div class=\"x-col e47587-e20 m10pv-t m10pv-v m10pv-x m10pv-z m10pv-12 m10pv-16\" style=\"--tco-dc10pv-p:rgb(255, 255, 255);\"><div class=\"x-text x-content e47587-e21 m10pv-18 m10pv-19 m10pv-1a m10pv-1d m10pv-1e m10pv-1l m10pv-1p m10pv-1q m10pv-1r\"><p class=\"pdefault brand_color\"><b>Planes para adultos desde<\/b><\/p><\/div><div class=\"x-counter e47587-e22 m10pv-1u\" style=\"--tco-dc10pv-r:rgb(89, 131, 68);\" data-x-element-counter=\"{&quot;to&quot;:&quot;12.50&quot;,&quot;speed&quot;:&quot;2s&quot;,&quot;commaSeparatedDecimal&quot;:false}\"><div class=\"x-counter-number-wrap\"><span class=\"x-counter-number-prefix\">$<\/span><span class=\"x-counter-number\">100.00<\/span><\/div><\/div><div class=\"x-text x-content e47587-e23 m10pv-18 m10pv-19 m10pv-1a m10pv-1d m10pv-1e m10pv-1f m10pv-1l m10pv-1p m10pv-1r\"><p class=\"pdefault brand_color\"><b>al mes!*<\/b><\/p><\/div><div class=\"x-text x-content e47587-e24 m10pv-18 m10pv-19 m10pv-1a m10pv-1d m10pv-1e m10pv-1f m10pv-1l m10pv-1p m10pv-1r\"><p class=\"p8px\">*OakTree Dental ofrece el plan de descuento interno s\u00f3lo a pacientes sin seguro dental. No se puede combinar con el seguro dental. El plan se factura anualmente, por lo que el costo \"tan bajo como\" es un desglose mensual de esa cuota anual.<\/p><\/div><\/div><\/div><\/div><div class=\"x-row x-container max width e47587-e25 m10pv-7 m10pv-b m10pv-c m10pv-g m10pv-k m10pv-p\" style=\"--tco-dc10pv-t:rgb(47, 150, 190);--tco-dc10pv-w:rgb(47, 150, 190);\"><div class=\"x-row-inner\"><div class=\"x-col e47587-e26 m10pv-t m10pv-v m10pv-x m10pv-y m10pv-z m10pv-12\"><div class=\"x-text x-content e47587-e27 m10pv-18 m10pv-1d m10pv-1e m10pv-1h m10pv-1j m10pv-1k m10pv-1l m10pv-1q\"><h3 class=\"txt_white\">P\u00f3ngase en contacto con nosotros hoy mismo para inscribirse en nuestro plan de descuentos internos.<\/h3><\/div><div class=\"x-text x-content e47587-e28 m10pv-18 m10pv-19 m10pv-1d m10pv-1e m10pv-1j m10pv-1l m10pv-1p m10pv-1q\"><p class=\"pdefault txt_white\">Con este plan de descuentos, garantizar\u00e1 la salud de su sonrisa y ahorrar\u00e1 dinero. Nos encantar\u00eda responder a cualquiera de sus preguntas.<\/p><\/div><\/div><\/div><\/div><\/div><div class=\"x-section e47587-e29 m10pv-0 m10pv-3 m10pv-5\" style=\"--tco-dc10pv-z:rgba(192, 175, 142, 0.3);--tco-dc10pv-12:rgba(192, 175, 142, 0.3);\"><div class=\"x-row x-container max width e47587-e30 m10pv-7 m10pv-b m10pv-c m10pv-e m10pv-h m10pv-k m10pv-q\" style=\"--tco-dc10pv-15:rgb(255, 255, 255);--tco-dc10pv-18:rgb(255, 255, 255);--tco-dc10pv-1b:rgb(255, 255, 255);\"><div class=\"x-row-inner\"><div class=\"x-col e47587-e31 m10pv-t m10pv-u m10pv-x m10pv-y m10pv-11 m10pv-12\"><div class=\"x-text x-content e47587-e32 m10pv-18 m10pv-1a m10pv-1d m10pv-1h m10pv-1k m10pv-1l m10pv-1n m10pv-1q\"><h2>C\u00f3mo funciona el plan de descuentos internos<\/h2><\/div><div class=\"x-text x-content e47587-e33 m10pv-18 m10pv-19 m10pv-1d m10pv-1j m10pv-1l m10pv-1p m10pv-1s\"><p class=\"pdefault\"><strong>Podr\u00e1 acogerse a este plan tanto si es un paciente nuevo como si ya lo es, siempre que no tenga un seguro dental.<\/strong><\/p>\n<p class=\"pdefault\"><b>Puede inscribirse en el plan en la oficina,<\/b> y sus prestaciones ser\u00e1n v\u00e1lidas durante todo un a\u00f1o. Nos ocupamos de todos los detalles para que pueda disfrutar de una sonrisa sin preocupaciones.<\/p><\/div><\/div><div class=\"x-col e47587-e34 m10pv-x m10pv-y m10pv-14\"><div class=\"x-bg\"><div class=\"x-bg-layer-lower-img\"><img sizes=\"(max-width: 880px) 100vw, 880px\" srcset=\"https:\/\/oaktreedentaljax.com\/wp-content\/uploads\/sites\/29\/2021\/04\/HCD_paymentPlan4.jpg 880w, https:\/\/oaktreedentaljax.com\/wp-content\/uploads\/sites\/29\/2021\/04\/HCD_paymentPlan4-300x259.jpg 300w, https:\/\/oaktreedentaljax.com\/wp-content\/uploads\/sites\/29\/2021\/04\/HCD_paymentPlan4-768x663.jpg 768w, https:\/\/oaktreedentaljax.com\/wp-content\/uploads\/sites\/29\/2021\/04\/HCD_paymentPlan4-100x86.jpg 100w\" decoding=\"async\" src=\"https:\/\/oaktreedentaljax.com\/wp-content\/uploads\/sites\/29\/2021\/04\/HCD_paymentPlan4.jpg\" alt=\"A smiling couple stands close together outside a house with gray siding and a yellow door, looking happy and relaxed in the daylight.\"\/><\/div><\/div><\/div><\/div><\/div><div class=\"x-row x-container max width e47587-e35 m10pv-7 m10pv-b m10pv-c m10pv-i m10pv-k m10pv-r\" style=\"--tco-dc10pv-1e:rgb(255, 255, 255);--tco-dc10pv-1h:rgb(255, 255, 255);\"><div class=\"x-row-inner\"><div class=\"x-col e47587-e36 m10pv-t m10pv-u m10pv-x m10pv-y m10pv-11 m10pv-12 m10pv-15\"><div class=\"x-text x-content e47587-e37 m10pv-18 m10pv-1d m10pv-1h m10pv-1j m10pv-1k m10pv-1l m10pv-1o\"><h3>Las ventajas del plan de descuento interno incluyen:<\/h3><\/div><div class=\"x-text x-content e47587-e38 m10pv-18 m10pv-19 m10pv-1a m10pv-1d m10pv-1f m10pv-1l m10pv-1n m10pv-1p m10pv-1t\"><ul>\n<li>No hay prestaciones m\u00e1ximas anuales individuales o familiares permitidas<\/li>\n<li>Sin franquicias<\/li>\n<li>No hay que rellenar ni enviar formularios de reclamaci\u00f3n al seguro<\/li>\n<li>Sin limitaciones del seguro para tratamientos preexistentes<\/li>\n<li>Sin requisitos de autorizaci\u00f3n previa<\/li>\n<li>No se deniega la cobertura a los pacientes sin seguro<\/li>\n<li>Sin gastos ocultos<\/li>\n<li>Admisibilidad inmediata sin periodos de espera<\/li>\n<li>Excelente atenci\u00f3n dental con importantes descuentos<\/li>\n<\/ul><\/div><\/div><\/div><\/div><div class=\"x-row x-container max width e47587-e39 m10pv-7 m10pv-b m10pv-c m10pv-j m10pv-k m10pv-s\" style=\"--tco-dc10pv-1k:rgb(47, 150, 190);--tco-dc10pv-1n:rgb(47, 150, 190);\"><div class=\"x-row-inner\"><div class=\"x-col e47587-e40 m10pv-t m10pv-v m10pv-x m10pv-y m10pv-z m10pv-12\"><div class=\"x-text x-content e47587-e41 m10pv-18 m10pv-1a m10pv-1d m10pv-1e m10pv-1h m10pv-1k m10pv-1l m10pv-1q\"><h3 class=\"txt_white\">\u00bfEst\u00e1 listo para inscribirse o quiere saber m\u00e1s sobre c\u00f3mo puede ahorrar con el plan de descuentos internos?<\/h3><\/div><div class=\"x-text x-content e47587-e42 m10pv-18 m10pv-1a m10pv-1d m10pv-1e m10pv-1h m10pv-1k m10pv-1l m10pv-1q\"><h3 class=\"txt_white\">P\u00f3ngase en contacto con nosotros hoy mismo.<\/h3><\/div><\/div><\/div><\/div><\/div><\/div>","protected":false},"excerpt":{"rendered":"<p>\u00bfNo tiene seguro? No hay problema. Plan interno de descuentos dentales en Jacksonville, Florida. \u00a1P\u00f3ngase en contacto con OakTree Dental en 904-290-8766 para obtener ayuda ahora!<\/p>","protected":false},"author":2,"featured_media":0,"parent":0,"menu_order":0,"comment_status":"closed","ping_status":"closed","template":"template-blank-4.php","meta":{"footnotes":""},"class_list":["post-47587","page","type-page","status-publish","hentry","no-post-thumbnail"],"aioseo_notices":[],"aioseo_head":"\n\t\t<!-- All in One SEO Pro 4.9.5.1 - aioseo.com -->\n\t<meta name=\"description\" content=\"No insurance? No problem! In-house dental discount plan in Jacksonville, Florida. Contact OakTree Dental at 904-290-8766 to get help now!\" \/>\n\t<meta name=\"robots\" content=\"max-image-preview:large\" \/>\n\t<link rel=\"canonical\" href=\"https:\/\/oaktreedentaljax.com\/es\/inhouse-discount-plan\/\" \/>\n\t<meta name=\"generator\" content=\"All in One SEO Pro (AIOSEO) 4.9.5.1\" \/>\n\t\t<meta property=\"og:locale\" content=\"es_ES\" \/>\n\t\t<meta property=\"og:site_name\" content=\"OakTree Dental - OakTree Dental\" \/>\n\t\t<meta property=\"og:type\" content=\"article\" \/>\n\t\t<meta property=\"og:title\" content=\"InHouse Discount Plan - OakTree Dental - Jacksonville Dentist Near You\" \/>\n\t\t<meta property=\"og:description\" content=\"No insurance? No problem! In-house dental discount plan in Jacksonville, Florida. Contact OakTree Dental at 904-290-8766 to get help now!\" \/>\n\t\t<meta property=\"og:url\" content=\"https:\/\/oaktreedentaljax.com\/es\/inhouse-discount-plan\/\" \/>\n\t\t<meta property=\"og:image\" content=\"https:\/\/oaktreedentaljax.com\/wp-content\/uploads\/sites\/29\/2024\/07\/OTD-Template-Logos-and-review-bugs_OTD_IconColor1024x1024.png\" \/>\n\t\t<meta property=\"og:image:secure_url\" content=\"https:\/\/oaktreedentaljax.com\/wp-content\/uploads\/sites\/29\/2024\/07\/OTD-Template-Logos-and-review-bugs_OTD_IconColor1024x1024.png\" \/>\n\t\t<meta property=\"og:image:width\" content=\"1024\" \/>\n\t\t<meta property=\"og:image:height\" content=\"1024\" \/>\n\t\t<meta property=\"article:published_time\" content=\"2020-08-26T13:06:17+00:00\" \/>\n\t\t<meta property=\"article:modified_time\" content=\"2026-04-01T16:24:44+00:00\" \/>\n\t\t<meta name=\"twitter:card\" content=\"summary\" \/>\n\t\t<meta name=\"twitter:title\" content=\"InHouse Discount Plan - OakTree Dental - Jacksonville Dentist Near You\" \/>\n\t\t<meta name=\"twitter:description\" content=\"No insurance? No problem! In-house dental discount plan in Jacksonville, Florida. Contact OakTree Dental at 904-290-8766 to get help now!\" \/>\n\t\t<meta name=\"twitter:image\" content=\"https:\/\/oaktreedentaljax.com\/wp-content\/uploads\/sites\/29\/2024\/07\/OTD-Template-Logos-and-review-bugs_OTD_IconColor1024x1024.png\" \/>\n\t\t<script type=\"application\/ld+json\" class=\"aioseo-schema\">\n\t\t\t{\"@context\":\"https:\\\/\\\/schema.org\",\"@graph\":[{\"@type\":\"BreadcrumbList\",\"@id\":\"https:\\\/\\\/oaktreedentaljax.com\\\/es\\\/inhouse-discount-plan\\\/#breadcrumblist\",\"itemListElement\":[{\"@type\":\"ListItem\",\"@id\":\"https:\\\/\\\/oaktreedentaljax.com\\\/es#listItem\",\"position\":1,\"name\":\"Home\",\"item\":\"https:\\\/\\\/oaktreedentaljax.com\\\/es\",\"nextItem\":{\"@type\":\"ListItem\",\"@id\":\"https:\\\/\\\/oaktreedentaljax.com\\\/es\\\/inhouse-discount-plan\\\/#listItem\",\"name\":\"InHouse Discount Plan\"}},{\"@type\":\"ListItem\",\"@id\":\"https:\\\/\\\/oaktreedentaljax.com\\\/es\\\/inhouse-discount-plan\\\/#listItem\",\"position\":2,\"name\":\"InHouse Discount Plan\",\"previousItem\":{\"@type\":\"ListItem\",\"@id\":\"https:\\\/\\\/oaktreedentaljax.com\\\/es#listItem\",\"name\":\"Home\"}}]},{\"@type\":\"Organization\",\"@id\":\"https:\\\/\\\/oaktreedentaljax.com\\\/es\\\/#organization\",\"name\":\"OakTree Dental\",\"description\":\"OakTree Dental\",\"url\":\"https:\\\/\\\/oaktreedentaljax.com\\\/es\\\/\",\"email\":\"office@oaktreedentaljax.com\",\"telephone\":\"+19042908766\",\"logo\":{\"@type\":\"ImageObject\",\"url\":\"https:\\\/\\\/master.operationdental.com\\\/wp-content\\\/uploads\\\/2024\\\/07\\\/OTD-Template-Logos-and-review-bugs_OTD_Logocolor750w.png\",\"@id\":\"https:\\\/\\\/oaktreedentaljax.com\\\/es\\\/inhouse-discount-plan\\\/#organizationLogo\"},\"image\":{\"@id\":\"https:\\\/\\\/oaktreedentaljax.com\\\/es\\\/inhouse-discount-plan\\\/#organizationLogo\"},\"address\":{\"@id\":\"https:\\\/\\\/oaktreedentaljax.com\\\/es\\\/#postaladdress\",\"@type\":\"PostalAddress\",\"streetAddress\":\"14595 Philips Hwy,\",\"postalCode\":\"32256\",\"addressLocality\":\"Jacksonville\",\"addressRegion\":\"Florida\",\"addressCountry\":\"US\"}},{\"@type\":\"WebPage\",\"@id\":\"https:\\\/\\\/oaktreedentaljax.com\\\/es\\\/inhouse-discount-plan\\\/#webpage\",\"url\":\"https:\\\/\\\/oaktreedentaljax.com\\\/es\\\/inhouse-discount-plan\\\/\",\"name\":\"InHouse Discount Plan - OakTree Dental - Jacksonville Dentist Near You\",\"description\":\"No insurance? No problem! In-house dental discount plan in Jacksonville, Florida. Contact OakTree Dental at 904-290-8766 to get help now!\",\"inLanguage\":\"es-ES\",\"isPartOf\":{\"@id\":\"https:\\\/\\\/oaktreedentaljax.com\\\/es\\\/#website\"},\"breadcrumb\":{\"@id\":\"https:\\\/\\\/oaktreedentaljax.com\\\/es\\\/inhouse-discount-plan\\\/#breadcrumblist\"},\"datePublished\":\"2020-08-26T13:06:17-04:00\",\"dateModified\":\"2026-04-01T12:24:44-04:00\"},{\"@type\":\"WebSite\",\"@id\":\"https:\\\/\\\/oaktreedentaljax.com\\\/es\\\/#website\",\"url\":\"https:\\\/\\\/oaktreedentaljax.com\\\/es\\\/\",\"name\":\"OakTree Dental\",\"description\":\"OakTree Dental\",\"inLanguage\":\"es-ES\",\"publisher\":{\"@id\":\"https:\\\/\\\/oaktreedentaljax.com\\\/es\\\/#organization\"}}]}\n\t\t<\/script>\n\t\t<!-- All in One SEO Pro -->\r\n\t\t<title>InHouse Discount Plan - OakTree Dental - Jacksonville Dentist Near You<\/title>\n\n","aioseo_head_json":{"title":"Plan de descuentos interno - OakTree Dental - Dentista en Jacksonville cerca de usted","description":"\u00bfNo tiene seguro? No hay problema. Plan interno de descuentos dentales en Jacksonville, Florida. \u00a1P\u00f3ngase en contacto con OakTree Dental en 904-290-8766 para obtener ayuda ahora!","canonical_url":"https:\/\/oaktreedentaljax.com\/es\/inhouse-discount-plan\/","robots":"max-image-preview:large","keywords":"","webmasterTools":{"miscellaneous":""},"schema":{"@context":"https:\/\/schema.org","@graph":[{"@type":"BreadcrumbList","@id":"https:\/\/oaktreedentaljax.com\/es\/inhouse-discount-plan\/#breadcrumblist","itemListElement":[{"@type":"ListItem","@id":"https:\/\/oaktreedentaljax.com\/es#listItem","position":1,"name":"Home","item":"https:\/\/oaktreedentaljax.com\/es","nextItem":{"@type":"ListItem","@id":"https:\/\/oaktreedentaljax.com\/es\/inhouse-discount-plan\/#listItem","name":"InHouse Discount Plan"}},{"@type":"ListItem","@id":"https:\/\/oaktreedentaljax.com\/es\/inhouse-discount-plan\/#listItem","position":2,"name":"InHouse Discount Plan","previousItem":{"@type":"ListItem","@id":"https:\/\/oaktreedentaljax.com\/es#listItem","name":"Home"}}]},{"@type":"Organization","@id":"https:\/\/oaktreedentaljax.com\/es\/#organization","name":"OakTree Dental","description":"OakTree Dental","url":"https:\/\/oaktreedentaljax.com\/es\/","email":"office@oaktreedentaljax.com","telephone":"+19042908766","logo":{"@type":"ImageObject","url":"https:\/\/master.operationdental.com\/wp-content\/uploads\/2024\/07\/OTD-Template-Logos-and-review-bugs_OTD_Logocolor750w.png","@id":"https:\/\/oaktreedentaljax.com\/es\/inhouse-discount-plan\/#organizationLogo"},"image":{"@id":"https:\/\/oaktreedentaljax.com\/es\/inhouse-discount-plan\/#organizationLogo"},"address":{"@id":"https:\/\/oaktreedentaljax.com\/es\/#postaladdress","@type":"PostalAddress","streetAddress":"14595 Philips Hwy,","postalCode":"32256","addressLocality":"Jacksonville","addressRegion":"Florida","addressCountry":"US"}},{"@type":"WebPage","@id":"https:\/\/oaktreedentaljax.com\/es\/inhouse-discount-plan\/#webpage","url":"https:\/\/oaktreedentaljax.com\/es\/inhouse-discount-plan\/","name":"InHouse Discount Plan - OakTree Dental - Jacksonville Dentist Near You","description":"No insurance? No problem! In-house dental discount plan in Jacksonville, Florida. Contact OakTree Dental at 904-290-8766 to get help now!","inLanguage":"es-ES","isPartOf":{"@id":"https:\/\/oaktreedentaljax.com\/es\/#website"},"breadcrumb":{"@id":"https:\/\/oaktreedentaljax.com\/es\/inhouse-discount-plan\/#breadcrumblist"},"datePublished":"2020-08-26T13:06:17-04:00","dateModified":"2026-04-01T12:24:44-04:00"},{"@type":"WebSite","@id":"https:\/\/oaktreedentaljax.com\/es\/#website","url":"https:\/\/oaktreedentaljax.com\/es\/","name":"OakTree Dental","description":"OakTree Dental","inLanguage":"es-ES","publisher":{"@id":"https:\/\/oaktreedentaljax.com\/es\/#organization"}}]},"og:locale":"es_ES","og:site_name":"OakTree Dental - OakTree Dental","og:type":"article","og:title":"InHouse Discount Plan - OakTree Dental - Jacksonville Dentist Near You","og:description":"No insurance? No problem! In-house dental discount plan in Jacksonville, Florida. Contact OakTree Dental at 904-290-8766 to get help now!","og:url":"https:\/\/oaktreedentaljax.com\/es\/inhouse-discount-plan\/","og:image":"https:\/\/oaktreedentaljax.com\/wp-content\/uploads\/sites\/29\/2024\/07\/OTD-Template-Logos-and-review-bugs_OTD_IconColor1024x1024.png","og:image:secure_url":"https:\/\/oaktreedentaljax.com\/wp-content\/uploads\/sites\/29\/2024\/07\/OTD-Template-Logos-and-review-bugs_OTD_IconColor1024x1024.png","og:image:width":1024,"og:image:height":1024,"article:published_time":"2020-08-26T13:06:17+00:00","article:modified_time":"2026-04-01T16:24:44+00:00","twitter:card":"summary","twitter:title":"InHouse Discount Plan - OakTree Dental - Jacksonville Dentist Near You","twitter:description":"No insurance? No problem! In-house dental discount plan in Jacksonville, Florida. Contact OakTree Dental at 904-290-8766 to get help now!","twitter:image":"https:\/\/oaktreedentaljax.com\/wp-content\/uploads\/sites\/29\/2024\/07\/OTD-Template-Logos-and-review-bugs_OTD_IconColor1024x1024.png"},"aioseo_meta_data":{"post_id":"47587","title":null,"description":null,"keywords":null,"keyphrases":null,"primary_term":null,"canonical_url":null,"og_title":null,"og_description":null,"og_object_type":"default","og_image_type":"default","og_image_url":null,"og_image_width":null,"og_image_height":null,"og_image_custom_url":null,"og_image_custom_fields":null,"og_video":null,"og_custom_url":null,"og_article_section":null,"og_article_tags":null,"twitter_use_og":false,"twitter_card":"default","twitter_image_type":"default","twitter_image_url":null,"twitter_image_custom_url":null,"twitter_image_custom_fields":null,"twitter_title":null,"twitter_description":null,"schema":{"blockGraphs":[],"customGraphs":[],"default":{"data":{"Article":[],"Course":[],"Dataset":[],"FAQPage":[],"Movie":[],"Person":[],"Product":[],"ProductReview":[],"Car":[],"Recipe":[],"Service":[],"SoftwareApplication":[],"WebPage":[]},"graphName":"","isEnabled":true},"graphs":[]},"schema_type":"default","schema_type_options":null,"pillar_content":false,"robots_default":true,"robots_noindex":false,"robots_noarchive":false,"robots_nosnippet":false,"robots_nofollow":false,"robots_noimageindex":false,"robots_noodp":false,"robots_notranslate":false,"robots_max_snippet":null,"robots_max_videopreview":null,"robots_max_imagepreview":"large","priority":null,"frequency":null,"local_seo":null,"seo_analyzer_scan_date":"2026-04-01 17:34:39","breadcrumb_settings":null,"limit_modified_date":false,"reviewed_by":null,"open_ai":null,"ai":null,"created":"2023-10-18 17:08:23","updated":"2026-04-01 18:37:52"},"aioseo_breadcrumb":"<div class=\"aioseo-breadcrumbs\"><span class=\"aioseo-breadcrumb\">\n\t<a href=\"https:\/\/oaktreedentaljax.com\/es\" title=\"Home\">Home<\/a>\n<\/span><span class=\"aioseo-breadcrumb-separator\">\u00bb<\/span><span class=\"aioseo-breadcrumb\">\n\tInHouse Discount Plan\n<\/span><\/div>","aioseo_breadcrumb_json":[{"label":"Home","link":"https:\/\/oaktreedentaljax.com\/es"},{"label":"InHouse Discount Plan","link":"https:\/\/oaktreedentaljax.com\/es\/inhouse-discount-plan\/"}],"_links":{"self":[{"href":"https:\/\/oaktreedentaljax.com\/es\/wp-json\/wp\/v2\/pages\/47587","targetHints":{"allow":["GET"]}}],"collection":[{"href":"https:\/\/oaktreedentaljax.com\/es\/wp-json\/wp\/v2\/pages"}],"about":[{"href":"https:\/\/oaktreedentaljax.com\/es\/wp-json\/wp\/v2\/types\/page"}],"author":[{"embeddable":true,"href":"https:\/\/oaktreedentaljax.com\/es\/wp-json\/wp\/v2\/users\/2"}],"replies":[{"embeddable":true,"href":"https:\/\/oaktreedentaljax.com\/es\/wp-json\/wp\/v2\/comments?post=47587"}],"version-history":[{"count":0,"href":"https:\/\/oaktreedentaljax.com\/es\/wp-json\/wp\/v2\/pages\/47587\/revisions"}],"wp:attachment":[{"href":"https:\/\/oaktreedentaljax.com\/es\/wp-json\/wp\/v2\/media?parent=47587"}],"curies":[{"name":"wp","href":"https:\/\/api.w.org\/{rel}","templated":true}]}}