{"id":47573,"date":"2023-06-20T19:37:26","date_gmt":"2023-06-20T19:37:26","guid":{"rendered":"https:\/\/oaktreedentaljax.com\/geha-dental-insurance-plans\/"},"modified":"2026-04-21T14:06:04","modified_gmt":"2026-04-21T18:06:04","slug":"geha-dental-insurance-plans","status":"publish","type":"page","link":"https:\/\/oaktreedentaljax.com\/es\/geha-dental-insurance-plans\/","title":{"rendered":"Planes de seguro dental de GEHA"},"content":{"rendered":"<div id=\"cs-content\" class=\"cs-content\"><div class=\"x-section e47573-e1 m10ph-0 m10ph-1 m10ph-2 m10ph-5 hero_video\" style=\"--tco-dc10ph-1:rgb(47, 150, 190);--tco-dc10ph-4:rgb(47, 150, 190);\"><div class=\"x-bg\" aria-hidden=\"true\"><div class=\"x-bg-layer-lower-color\"><\/div><div class=\"x-bg-layer-upper-color\"><\/div><\/div><div class=\"x-row x-container max width e47573-e2 m10ph-6 m10ph-7 m10ph-8 m10ph-e m10ph-f\"><div class=\"x-row-inner\"><div class=\"x-col e47573-e3 m10ph-k m10ph-l m10ph-m m10ph-n m10ph-o\"><div class=\"x-div e47573-e4 m10ph-t\"><div class=\"x-text x-content e47573-e5 m10ph-u m10ph-v m10ph-w m10ph-x m10ph-y m10ph-z\"><p class=\"p9px txt_white\">Se Habla Espa\u00f1ol<\/p><\/div><div class=\"x-text x-content e47573-e6 m10ph-u m10ph-v m10ph-w m10ph-x m10ph-y m10ph-z\"><p class=\"p9px txt_white\">Citas de urgencia disponibles<\/p><\/div><\/div><div class=\"x-text x-content e47573-e7 m10ph-u m10ph-w m10ph-z m10ph-10\"><a class=\"x-image\" href=\"\/es\/homepage\/\" style=\"outline: none;\"><img sizes=\"(max-width: 960px) 100vw, 960px\" srcset=\"https:\/\/oaktreedentaljax.com\/wp-content\/uploads\/sites\/29\/2025\/09\/GPI-0128-001_OTD_White_960x374.png 960w, https:\/\/oaktreedentaljax.com\/wp-content\/uploads\/sites\/29\/2025\/09\/GPI-0128-001_OTD_White_960x374-300x117.png 300w, https:\/\/oaktreedentaljax.com\/wp-content\/uploads\/sites\/29\/2025\/09\/GPI-0128-001_OTD_White_960x374-768x299.png 768w, https:\/\/oaktreedentaljax.com\/wp-content\/uploads\/sites\/29\/2025\/09\/GPI-0128-001_OTD_White_960x374-18x7.png 18w, https:\/\/oaktreedentaljax.com\/wp-content\/uploads\/sites\/29\/2025\/09\/GPI-0128-001_OTD_White_960x374-100x39.png 100w\" decoding=\"async\" src=\"https:\/\/oaktreedentaljax.com\/wp-content\/uploads\/sites\/29\/2025\/09\/GPI-0128-001_OTD_White_960x374.png\" width=\"450\" height=\"140\" alt=\"OakTree Dental Logo\" loading=\"lazy\"><\/a><\/div><\/div><\/div><\/div><div class=\"x-row x-container max width e47573-e8 m10ph-6 m10ph-8 m10ph-9 m10ph-e m10ph-g\"><div class=\"x-row-inner\"><div class=\"x-col e47573-e9 m10ph-k m10ph-m m10ph-n m10ph-o m10ph-p m10ph-q\"><div class=\"x-text x-content e47573-e10 m10ph-u m10ph-w m10ph-y m10ph-11 m10ph-12\"><h1 class=\"txt_white\">GEHA<sup>\u00ae<\/sup> Planes de seguro<\/h1><\/div><div class=\"x-text x-content e47573-e11 m10ph-u m10ph-w m10ph-z m10ph-10\"><p class=\"pdefault\"><a href=\"\/es\/insurances-we-accept\/#od_insuranceblock\" class=\"txt_white\">Volver a la p\u00e1gina de seguros<\/a><\/p><\/div><\/div><\/div><\/div><\/div><div class=\"x-section e47573-e12 m10ph-0 m10ph-3\" style=\"--tco-dc10ph-6:rgba(192, 175, 142, 0.3);--tco-dc10ph-9:rgba(192, 175, 142, 0.3);\"><div class=\"x-row x-container max width e47573-e13 m10ph-6 m10ph-8 m10ph-a m10ph-b m10ph-e m10ph-h\" style=\"--tco-dc10ph-c:rgb(255, 255, 255);--tco-dc10ph-f:rgb(255, 255, 255);\"><div class=\"x-row-inner\"><div class=\"x-col e47573-e14 m10ph-k m10ph-l m10ph-o m10ph-r\"><div class=\"x-text x-content e47573-e15 m10ph-u m10ph-w m10ph-z m10ph-11 m10ph-13\"><h2>OakTree Dental acepta los siguientes GEHA<sup>\u00ae<\/sup> Planes de seguro<\/h2><\/div><div class=\"x-text x-content e47573-e16 m10ph-u m10ph-v m10ph-w m10ph-z m10ph-14 m10ph-15\"><ul>\r\n        <li class=\"ins_li\">FEDVIP Opci\u00f3n Est\u00e1ndar<\/li>\r\n        <li class=\"ins_li\">FEDVIP Opci\u00f3n Alta<\/li>\r\n        <li class=\"ins_li\">CONEXI\u00d3N Dental Plus<\/li>\r\n<\/ul><\/div><div class=\"x-text x-content e47573-e17 m10ph-u m10ph-v m10ph-w m10ph-z m10ph-14\"><p class=\"pdefault\"><b>Si no encuentra su seguro en esta lista, por favor <a href=\"\/es\/contact-us\/\">Contacto<\/a> para ayudarle m\u00e1s.<\/b> <i>Tenga en cuenta que actualmente no aceptamos Medicaid ni planes HMO.<\/i><\/p><\/div><div class=\"x-text x-content e47573-e18 m10ph-u m10ph-v m10ph-w m10ph-z m10ph-14\"><p class=\"pdefault\"><a href=\"\/es\/insurances-we-accept\/#od_insuranceblock\" class=\"txt_under\">Volver a la p\u00e1gina de seguros<\/a><\/p><\/div><\/div><\/div><\/div><div class=\"x-row x-container max width e47573-e19 m10ph-6 m10ph-8 m10ph-a m10ph-c m10ph-e m10ph-i\" style=\"--tco-dc10ph-i:rgb(255, 255, 255);--tco-dc10ph-l:rgb(255, 255, 255);--tco-dc10ph-o:rgb(255, 255, 255);\"><div class=\"x-row-inner\"><div class=\"x-col e47573-e20 m10ph-o m10ph-s\"><div class=\"x-text x-content e47573-e21 m10ph-u m10ph-v m10ph-14 m10ph-16\"><p class=\"pdefault\">GEHA<sup>\u00ae<\/sup> cubren una amplia gama de servicios odontol\u00f3gicos, incluidos procedimientos preventivos, b\u00e1sicos y principales, y ofrecen una amplia cobertura sin periodos de espera. GEHA<sup>\u00ae<\/sup> hace hincapi\u00e9 en la atenci\u00f3n preventiva proporcionando cobertura para revisiones rutinarias, limpiezas y radiograf\u00edas, lo que ayuda a prevenir problemas dentales. GEHA<sup>\u00ae<\/sup> ofrece primas competitivas, lo que hace que el seguro dental sea asequible para particulares y familias. En funci\u00f3n de las caracter\u00edsticas espec\u00edficas de GEHA<sup>\u00ae<\/sup> dental, puede tener acceso a prestaciones adicionales, como cobertura de ortodoncia para ni\u00f1os o adultos, cobertura de procedimientos de odontolog\u00eda cosm\u00e9tica y cobertura de implantes dentales. Estas prestaciones adicionales pueden ser valiosas si necesita tratamientos dentales especializados.<\/p>\n<p class=\"pdefault\">Para m\u00e1s informaci\u00f3n, <a href=\"https:\/\/www.geha.com\/\" target=\"_new\">haga clic aqu\u00ed para visitar su sitio web.<\/a><\/p><\/div><\/div><div class=\"x-col e47573-e22 m10ph-k m10ph-m m10ph-o m10ph-p\"><span class=\"x-image e47573-e23 m10ph-17\"><img decoding=\"async\" src=\"https:\/\/oaktreedentaljax.com\/wp-content\/uploads\/sites\/29\/2023\/06\/geha.png\" srcset=\"https:\/\/oaktreedentaljax.com\/wp-content\/uploads\/sites\/29\/2023\/06\/geha.png 550w, https:\/\/oaktreedentaljax.com\/wp-content\/uploads\/sites\/29\/2023\/06\/geha-300x74.png 300w, https:\/\/oaktreedentaljax.com\/wp-content\/uploads\/sites\/29\/2023\/06\/geha-100x25.png 100w\" sizes=\"(max-width: 550px) 100vw, 550px\" alt=\"The image displays the GEHA logo in bold, uppercase purple letters on a white background.\"><\/span><\/div><\/div><\/div><\/div><div class=\"x-section e47573-e24 m10ph-0 m10ph-1 m10ph-4\"><div class=\"x-row e47573-e25 m10ph-6 m10ph-d m10ph-e m10ph-j\"><div class=\"x-row-inner\"><div class=\"x-col e47573-e26 m10ph-o\"><div class=\"cs-content x-global-block x-global-block-47641 e47641-e0\"><div class=\"x-section e47641-e2 m10rd-0\" style=\"--tco-dc10rd-1:rgb(255, 255, 255);--tco-dc10rd-4:rgb(255, 255, 255);\"><div class=\"x-row x-container max width e47641-e3 m10rd-1 m10rd-2 m10rd-3\"><div class=\"x-row-inner\"><div class=\"x-col e47641-e4 m10rd-5 m10rd-6 m10rd-7\"><div class=\"x-text x-content e47641-e5 m10rd-a m10rd-b\"><h2>Opciones de pago flexibles<\/h2>\n<h3>Para una atenci\u00f3n dental de alta calidad en Jacksonville<\/h3><\/div><div class=\"x-text x-content e47641-e6 m10rd-a m10rd-c\"><p class=\"pdefault\">Para su comodidad, OakTree Dental acepta:<\/p>\n\n<ul>\n \t<li class=\"pdefault\">Una amplia gama de planes de seguro dental PPO -<span>\u00a0<\/span><a href=\"\/es\/insurances-we-accept\/\" target=\"_self\"><b>pulse aqu\u00ed<\/b> para ver qu\u00e9 seguros aceptamos<\/a><\/li>\n \t<li class=\"pdefault\">Plan interno de descuentos y ofertas especiales para pacientes sin seguro m\u00e9dico<\/li>\n \t<li class=\"pdefault\">Efectivo y cheque<\/li>\n \t<li class=\"pdefault\">Todas las principales tarjetas de cr\u00e9dito, incluidas MasterCard, VISA, Discover, American Express, etc.<\/li>\n<\/ul>\n<p class=\"pdefault\"><b>NO aceptamos planes HMO ni Medicaid.<\/b><\/p><\/div><\/div><div class=\"x-col e47641-e7 m10rd-5 m10rd-8 m10rd-9\"><a class=\"x-image e47641-e8 m10rd-e\" href=\"https:\/\/apply.sunbit.com\/OakTreeDental\" target=\"_blank\" rel=\"noopener noreferrer\"><img decoding=\"async\" src=\"https:\/\/oaktreedentaljax.com\/wp-content\/uploads\/sites\/29\/2025\/11\/Dntl_Web_600x500-1.png\" srcset=\"https:\/\/oaktreedentaljax.com\/wp-content\/uploads\/sites\/29\/2025\/11\/Dntl_Web_600x500-1.png 600w, https:\/\/oaktreedentaljax.com\/wp-content\/uploads\/sites\/29\/2025\/11\/Dntl_Web_600x500-1-300x250.png 300w, https:\/\/oaktreedentaljax.com\/wp-content\/uploads\/sites\/29\/2025\/11\/Dntl_Web_600x500-1-14x12.png 14w, https:\/\/oaktreedentaljax.com\/wp-content\/uploads\/sites\/29\/2025\/11\/Dntl_Web_600x500-1-100x83.png 100w\" sizes=\"(max-width: 600px) 100vw, 600px\" alt=\"Smile now, Pay-over-time with sunbit\"><\/a><\/div><\/div><\/div><\/div><\/div><\/div><\/div><\/div><\/div><\/div>","protected":false},"excerpt":{"rendered":"<p>Los planes de seguro OakTree Dental acepta. \u00a1Llame 904-290-8766 hoy para programar su cita con nuestros dentistas expertos y de confianza!<\/p>","protected":false},"author":1,"featured_media":0,"parent":0,"menu_order":0,"comment_status":"closed","ping_status":"closed","template":"template-blank-4.php","meta":{"footnotes":""},"class_list":["post-47573","page","type-page","status-publish","hentry","no-post-thumbnail"],"aioseo_notices":[],"aioseo_head":"\n\t\t<!-- All in One SEO Pro 4.9.6.2 - aioseo.com -->\n\t<meta name=\"description\" content=\"The insurance plans OakTree Dental accepts. Call 904-290-8766 today to schedule your appointment with our skilled and trusted dentists!\" \/>\n\t<meta name=\"robots\" content=\"max-image-preview:large\" \/>\n\t<link rel=\"canonical\" href=\"https:\/\/oaktreedentaljax.com\/es\/geha-dental-insurance-plans\/\" \/>\n\t<meta name=\"generator\" content=\"All in One SEO Pro (AIOSEO) 4.9.6.2\" \/>\n\t\t<meta property=\"og:locale\" content=\"es_ES\" \/>\n\t\t<meta property=\"og:site_name\" content=\"OakTree Dental - OakTree Dental\" \/>\n\t\t<meta property=\"og:type\" content=\"article\" \/>\n\t\t<meta property=\"og:title\" content=\"GEHA Dental Insurance Plans - OakTree Dental - Jacksonville Dentist Near You\" \/>\n\t\t<meta property=\"og:description\" content=\"The insurance plans OakTree Dental accepts. Call 904-290-8766 today to schedule your appointment with our skilled and trusted dentists!\" \/>\n\t\t<meta property=\"og:url\" content=\"https:\/\/oaktreedentaljax.com\/es\/geha-dental-insurance-plans\/\" \/>\n\t\t<meta property=\"og:image\" content=\"https:\/\/oaktreedentaljax.com\/wp-content\/uploads\/sites\/29\/2024\/07\/OTD-Template-Logos-and-review-bugs_OTD_IconColor1024x1024.png\" \/>\n\t\t<meta property=\"og:image:secure_url\" content=\"https:\/\/oaktreedentaljax.com\/wp-content\/uploads\/sites\/29\/2024\/07\/OTD-Template-Logos-and-review-bugs_OTD_IconColor1024x1024.png\" \/>\n\t\t<meta property=\"og:image:width\" content=\"1024\" \/>\n\t\t<meta property=\"og:image:height\" content=\"1024\" \/>\n\t\t<meta property=\"article:published_time\" content=\"2023-06-20T19:37:26+00:00\" \/>\n\t\t<meta property=\"article:modified_time\" content=\"2026-04-21T18:06:04+00:00\" \/>\n\t\t<meta name=\"twitter:card\" content=\"summary\" \/>\n\t\t<meta name=\"twitter:title\" content=\"GEHA Dental Insurance Plans - OakTree Dental - Jacksonville Dentist Near You\" \/>\n\t\t<meta name=\"twitter:description\" content=\"The insurance plans OakTree Dental accepts. Call 904-290-8766 today to schedule your appointment with our skilled and trusted dentists!\" \/>\n\t\t<meta name=\"twitter:image\" content=\"https:\/\/oaktreedentaljax.com\/wp-content\/uploads\/sites\/29\/2024\/07\/OTD-Template-Logos-and-review-bugs_OTD_IconColor1024x1024.png\" \/>\n\t\t<script type=\"application\/ld+json\" class=\"aioseo-schema\">\n\t\t\t{\"@context\":\"https:\\\/\\\/schema.org\",\"@graph\":[{\"@type\":\"BreadcrumbList\",\"@id\":\"https:\\\/\\\/oaktreedentaljax.com\\\/es\\\/geha-dental-insurance-plans\\\/#breadcrumblist\",\"itemListElement\":[{\"@type\":\"ListItem\",\"@id\":\"https:\\\/\\\/oaktreedentaljax.com\\\/es#listItem\",\"position\":1,\"name\":\"Home\",\"item\":\"https:\\\/\\\/oaktreedentaljax.com\\\/es\",\"nextItem\":{\"@type\":\"ListItem\",\"@id\":\"https:\\\/\\\/oaktreedentaljax.com\\\/es\\\/geha-dental-insurance-plans\\\/#listItem\",\"name\":\"GEHA Dental Insurance Plans\"}},{\"@type\":\"ListItem\",\"@id\":\"https:\\\/\\\/oaktreedentaljax.com\\\/es\\\/geha-dental-insurance-plans\\\/#listItem\",\"position\":2,\"name\":\"GEHA Dental Insurance Plans\",\"previousItem\":{\"@type\":\"ListItem\",\"@id\":\"https:\\\/\\\/oaktreedentaljax.com\\\/es#listItem\",\"name\":\"Home\"}}]},{\"@type\":\"Organization\",\"@id\":\"https:\\\/\\\/oaktreedentaljax.com\\\/es\\\/#organization\",\"name\":\"OakTree Dental\",\"description\":\"OakTree Dental\",\"url\":\"https:\\\/\\\/oaktreedentaljax.com\\\/es\\\/\",\"email\":\"office@oaktreedentaljax.com\",\"telephone\":\"+19042908766\",\"logo\":{\"@type\":\"ImageObject\",\"url\":\"https:\\\/\\\/master.operationdental.com\\\/wp-content\\\/uploads\\\/2024\\\/07\\\/OTD-Template-Logos-and-review-bugs_OTD_Logocolor750w.png\",\"@id\":\"https:\\\/\\\/oaktreedentaljax.com\\\/es\\\/geha-dental-insurance-plans\\\/#organizationLogo\"},\"image\":{\"@id\":\"https:\\\/\\\/oaktreedentaljax.com\\\/es\\\/geha-dental-insurance-plans\\\/#organizationLogo\"},\"address\":{\"@id\":\"https:\\\/\\\/oaktreedentaljax.com\\\/es\\\/#postaladdress\",\"@type\":\"PostalAddress\",\"streetAddress\":\"14595 Philips Hwy,\",\"postalCode\":\"32256\",\"addressLocality\":\"Jacksonville\",\"addressRegion\":\"Florida\",\"addressCountry\":\"US\"}},{\"@type\":\"WebPage\",\"@id\":\"https:\\\/\\\/oaktreedentaljax.com\\\/es\\\/geha-dental-insurance-plans\\\/#webpage\",\"url\":\"https:\\\/\\\/oaktreedentaljax.com\\\/es\\\/geha-dental-insurance-plans\\\/\",\"name\":\"GEHA Dental Insurance Plans - OakTree Dental - Jacksonville Dentist Near You\",\"description\":\"The insurance plans OakTree Dental accepts. Call 904-290-8766 today to schedule your appointment with our skilled and trusted dentists!\",\"inLanguage\":\"es-ES\",\"isPartOf\":{\"@id\":\"https:\\\/\\\/oaktreedentaljax.com\\\/es\\\/#website\"},\"breadcrumb\":{\"@id\":\"https:\\\/\\\/oaktreedentaljax.com\\\/es\\\/geha-dental-insurance-plans\\\/#breadcrumblist\"},\"datePublished\":\"2023-06-20T19:37:26-04:00\",\"dateModified\":\"2026-04-21T14:06:04-04:00\"},{\"@type\":\"WebSite\",\"@id\":\"https:\\\/\\\/oaktreedentaljax.com\\\/es\\\/#website\",\"url\":\"https:\\\/\\\/oaktreedentaljax.com\\\/es\\\/\",\"name\":\"OakTree Dental\",\"description\":\"OakTree Dental\",\"inLanguage\":\"es-ES\",\"publisher\":{\"@id\":\"https:\\\/\\\/oaktreedentaljax.com\\\/es\\\/#organization\"}}]}\n\t\t<\/script>\n\t\t<!-- All in One SEO Pro -->\r\n\t\t<title>GEHA Dental Insurance Plans - OakTree Dental - Jacksonville Dentist Near You<\/title>\n\n","aioseo_head_json":{"title":"Planes de seguro dental de GEHA - OakTree Dental - Jacksonville Dentist Near You","description":"Los planes de seguro OakTree Dental acepta. \u00a1Llame 904-290-8766 hoy para programar su cita con nuestros dentistas expertos y de confianza!","canonical_url":"https:\/\/oaktreedentaljax.com\/es\/geha-dental-insurance-plans\/","robots":"max-image-preview:large","keywords":"","webmasterTools":{"miscellaneous":""},"schema":{"@context":"https:\/\/schema.org","@graph":[{"@type":"BreadcrumbList","@id":"https:\/\/oaktreedentaljax.com\/es\/geha-dental-insurance-plans\/#breadcrumblist","itemListElement":[{"@type":"ListItem","@id":"https:\/\/oaktreedentaljax.com\/es#listItem","position":1,"name":"Home","item":"https:\/\/oaktreedentaljax.com\/es","nextItem":{"@type":"ListItem","@id":"https:\/\/oaktreedentaljax.com\/es\/geha-dental-insurance-plans\/#listItem","name":"GEHA Dental Insurance Plans"}},{"@type":"ListItem","@id":"https:\/\/oaktreedentaljax.com\/es\/geha-dental-insurance-plans\/#listItem","position":2,"name":"GEHA Dental Insurance Plans","previousItem":{"@type":"ListItem","@id":"https:\/\/oaktreedentaljax.com\/es#listItem","name":"Home"}}]},{"@type":"Organization","@id":"https:\/\/oaktreedentaljax.com\/es\/#organization","name":"OakTree Dental","description":"OakTree Dental","url":"https:\/\/oaktreedentaljax.com\/es\/","email":"office@oaktreedentaljax.com","telephone":"+19042908766","logo":{"@type":"ImageObject","url":"https:\/\/master.operationdental.com\/wp-content\/uploads\/2024\/07\/OTD-Template-Logos-and-review-bugs_OTD_Logocolor750w.png","@id":"https:\/\/oaktreedentaljax.com\/es\/geha-dental-insurance-plans\/#organizationLogo"},"image":{"@id":"https:\/\/oaktreedentaljax.com\/es\/geha-dental-insurance-plans\/#organizationLogo"},"address":{"@id":"https:\/\/oaktreedentaljax.com\/es\/#postaladdress","@type":"PostalAddress","streetAddress":"14595 Philips Hwy,","postalCode":"32256","addressLocality":"Jacksonville","addressRegion":"Florida","addressCountry":"US"}},{"@type":"WebPage","@id":"https:\/\/oaktreedentaljax.com\/es\/geha-dental-insurance-plans\/#webpage","url":"https:\/\/oaktreedentaljax.com\/es\/geha-dental-insurance-plans\/","name":"GEHA Dental Insurance Plans - OakTree Dental - Jacksonville Dentist Near You","description":"The insurance plans OakTree Dental accepts. Call 904-290-8766 today to schedule your appointment with our skilled and trusted dentists!","inLanguage":"es-ES","isPartOf":{"@id":"https:\/\/oaktreedentaljax.com\/es\/#website"},"breadcrumb":{"@id":"https:\/\/oaktreedentaljax.com\/es\/geha-dental-insurance-plans\/#breadcrumblist"},"datePublished":"2023-06-20T19:37:26-04:00","dateModified":"2026-04-21T14:06:04-04:00"},{"@type":"WebSite","@id":"https:\/\/oaktreedentaljax.com\/es\/#website","url":"https:\/\/oaktreedentaljax.com\/es\/","name":"OakTree Dental","description":"OakTree Dental","inLanguage":"es-ES","publisher":{"@id":"https:\/\/oaktreedentaljax.com\/es\/#organization"}}]},"og:locale":"es_ES","og:site_name":"OakTree Dental - OakTree Dental","og:type":"article","og:title":"GEHA Dental Insurance Plans - OakTree Dental - Jacksonville Dentist Near You","og:description":"The insurance plans OakTree Dental accepts. Call 904-290-8766 today to schedule your appointment with our skilled and trusted dentists!","og:url":"https:\/\/oaktreedentaljax.com\/es\/geha-dental-insurance-plans\/","og:image":"https:\/\/oaktreedentaljax.com\/wp-content\/uploads\/sites\/29\/2024\/07\/OTD-Template-Logos-and-review-bugs_OTD_IconColor1024x1024.png","og:image:secure_url":"https:\/\/oaktreedentaljax.com\/wp-content\/uploads\/sites\/29\/2024\/07\/OTD-Template-Logos-and-review-bugs_OTD_IconColor1024x1024.png","og:image:width":1024,"og:image:height":1024,"article:published_time":"2023-06-20T19:37:26+00:00","article:modified_time":"2026-04-21T18:06:04+00:00","twitter:card":"summary","twitter:title":"GEHA Dental Insurance Plans - OakTree Dental - Jacksonville Dentist Near You","twitter:description":"The insurance plans OakTree Dental accepts. Call 904-290-8766 today to schedule your appointment with our skilled and trusted dentists!","twitter:image":"https:\/\/oaktreedentaljax.com\/wp-content\/uploads\/sites\/29\/2024\/07\/OTD-Template-Logos-and-review-bugs_OTD_IconColor1024x1024.png"},"aioseo_meta_data":{"post_id":"47573","title":null,"description":null,"keywords":null,"keyphrases":null,"primary_term":null,"canonical_url":null,"og_title":null,"og_description":null,"og_object_type":"default","og_image_type":"default","og_image_url":null,"og_image_width":null,"og_image_height":null,"og_image_custom_url":null,"og_image_custom_fields":null,"og_video":null,"og_custom_url":null,"og_article_section":null,"og_article_tags":null,"twitter_use_og":false,"twitter_card":"default","twitter_image_type":"default","twitter_image_url":null,"twitter_image_custom_url":null,"twitter_image_custom_fields":null,"twitter_title":null,"twitter_description":null,"schema":{"blockGraphs":[],"customGraphs":[],"default":{"data":{"Article":[],"Course":[],"Dataset":[],"FAQPage":[],"Movie":[],"Person":[],"Product":[],"ProductReview":[],"Car":[],"Recipe":[],"Service":[],"SoftwareApplication":[],"WebPage":[]},"graphName":"WebPage","isEnabled":true},"graphs":[]},"schema_type":"default","schema_type_options":null,"pillar_content":false,"robots_default":true,"robots_noindex":false,"robots_noarchive":false,"robots_nosnippet":false,"robots_nofollow":false,"robots_noimageindex":false,"robots_noodp":false,"robots_notranslate":false,"robots_max_snippet":null,"robots_max_videopreview":null,"robots_max_imagepreview":"large","priority":null,"frequency":null,"local_seo":null,"seo_analyzer_scan_date":"2026-04-21 18:07:04","breadcrumb_settings":null,"limit_modified_date":false,"reviewed_by":null,"open_ai":null,"ai":null,"created":"2023-10-18 17:13:29","updated":"2026-04-21 19:15:23"},"aioseo_breadcrumb":"<div class=\"aioseo-breadcrumbs\"><span class=\"aioseo-breadcrumb\">\n\t<a href=\"https:\/\/oaktreedentaljax.com\/es\" title=\"Home\">Home<\/a>\n<\/span><span class=\"aioseo-breadcrumb-separator\">\u00bb<\/span><span class=\"aioseo-breadcrumb\">\n\tGEHA Dental Insurance Plans\n<\/span><\/div>","aioseo_breadcrumb_json":[{"label":"Home","link":"https:\/\/oaktreedentaljax.com\/es"},{"label":"GEHA Dental Insurance Plans","link":"https:\/\/oaktreedentaljax.com\/es\/geha-dental-insurance-plans\/"}],"_links":{"self":[{"href":"https:\/\/oaktreedentaljax.com\/es\/wp-json\/wp\/v2\/pages\/47573","targetHints":{"allow":["GET"]}}],"collection":[{"href":"https:\/\/oaktreedentaljax.com\/es\/wp-json\/wp\/v2\/pages"}],"about":[{"href":"https:\/\/oaktreedentaljax.com\/es\/wp-json\/wp\/v2\/types\/page"}],"author":[{"embeddable":true,"href":"https:\/\/oaktreedentaljax.com\/es\/wp-json\/wp\/v2\/users\/1"}],"replies":[{"embeddable":true,"href":"https:\/\/oaktreedentaljax.com\/es\/wp-json\/wp\/v2\/comments?post=47573"}],"version-history":[{"count":0,"href":"https:\/\/oaktreedentaljax.com\/es\/wp-json\/wp\/v2\/pages\/47573\/revisions"}],"wp:attachment":[{"href":"https:\/\/oaktreedentaljax.com\/es\/wp-json\/wp\/v2\/media?parent=47573"}],"curies":[{"name":"wp","href":"https:\/\/api.w.org\/{rel}","templated":true}]}}