{"id":47540,"date":"2023-06-20T19:37:11","date_gmt":"2023-06-20T19:37:11","guid":{"rendered":"https:\/\/oaktreedentaljax.com\/cigna-dental-insurance-plans\/"},"modified":"2026-04-01T12:20:51","modified_gmt":"2026-04-01T16:20:51","slug":"cigna-dental-insurance-plans","status":"publish","type":"page","link":"https:\/\/oaktreedentaljax.com\/es\/cigna-dental-insurance-plans\/","title":{"rendered":"Planes de seguro dental de Cigna Healthcare"},"content":{"rendered":"<div id=\"cs-content\" class=\"cs-content\"><div class=\"x-section e47540-e1 m10ok-0 m10ok-1 m10ok-2 m10ok-5 hero_video\" style=\"--tco-dc10ok-1:rgb(47, 150, 190);\"><div class=\"x-bg\" aria-hidden=\"true\"><div class=\"x-bg-layer-lower-color\"><\/div><div class=\"x-bg-layer-upper-color\"><\/div><\/div><div class=\"x-row x-container max width e47540-e2 m10ok-6 m10ok-7 m10ok-8 m10ok-e m10ok-f\"><div class=\"x-row-inner\"><div class=\"x-col e47540-e3 m10ok-k m10ok-l m10ok-m m10ok-n m10ok-o\"><div class=\"x-div e47540-e4 m10ok-t\"><div class=\"x-text x-content e47540-e5 m10ok-u m10ok-v m10ok-w m10ok-x m10ok-y m10ok-z\"><p class=\"p9px txt_white\">Se Habla Espa\u00f1ol<\/p><\/div><div class=\"x-text x-content e47540-e6 m10ok-u m10ok-v m10ok-w m10ok-x m10ok-y m10ok-z\"><p class=\"p9px txt_white\">Citas de urgencia disponibles<\/p><\/div><\/div><div class=\"x-text x-content e47540-e7 m10ok-u m10ok-w m10ok-z m10ok-10\"><a class=\"x-image\" href=\"\/es\/homepage\/\" style=\"outline: none;\"><img sizes=\"(max-width: 960px) 100vw, 960px\" srcset=\"https:\/\/oaktreedentaljax.com\/wp-content\/uploads\/sites\/29\/2025\/09\/GPI-0128-001_OTD_White_960x374.png 960w, https:\/\/oaktreedentaljax.com\/wp-content\/uploads\/sites\/29\/2025\/09\/GPI-0128-001_OTD_White_960x374-300x117.png 300w, https:\/\/oaktreedentaljax.com\/wp-content\/uploads\/sites\/29\/2025\/09\/GPI-0128-001_OTD_White_960x374-768x299.png 768w, https:\/\/oaktreedentaljax.com\/wp-content\/uploads\/sites\/29\/2025\/09\/GPI-0128-001_OTD_White_960x374-18x7.png 18w, https:\/\/oaktreedentaljax.com\/wp-content\/uploads\/sites\/29\/2025\/09\/GPI-0128-001_OTD_White_960x374-100x39.png 100w\" decoding=\"async\" src=\"https:\/\/oaktreedentaljax.com\/wp-content\/uploads\/sites\/29\/2025\/09\/GPI-0128-001_OTD_White_960x374.png\" width=\"450\" height=\"140\" alt=\"OakTree Dental Logo\" loading=\"lazy\"><\/a><\/div><\/div><\/div><\/div><div class=\"x-row x-container max width e47540-e8 m10ok-6 m10ok-8 m10ok-9 m10ok-e m10ok-g\"><div class=\"x-row-inner\"><div class=\"x-col e47540-e9 m10ok-k m10ok-m m10ok-n m10ok-o m10ok-p m10ok-q\"><div class=\"x-text x-content e47540-e10 m10ok-u m10ok-w m10ok-y m10ok-11 m10ok-12\"><h1 class=\"txt_white\">Planes de seguro m\u00e9dico de Cigna<\/h1><\/div><div class=\"x-text x-content e47540-e11 m10ok-u m10ok-w m10ok-z m10ok-10\"><p class=\"pdefault\"><a href=\"\/es\/insurances-we-accept\/#od_insuranceblock\" class=\"txt_white\">Volver a la p\u00e1gina de seguros<\/a><\/p><\/div><\/div><\/div><\/div><\/div><div class=\"x-section e47540-e12 m10ok-0 m10ok-3\" style=\"--tco-dc10ok-3:rgba(192, 175, 142, 0.3);--tco-dc10ok-6:rgba(192, 175, 142, 0.3);\"><div class=\"x-row x-container max width e47540-e13 m10ok-6 m10ok-8 m10ok-a m10ok-b m10ok-e m10ok-h\" style=\"--tco-dc10ok-9:rgb(255, 255, 255);--tco-dc10ok-c:rgb(255, 255, 255);\"><div class=\"x-row-inner\"><div class=\"x-col e47540-e14 m10ok-k m10ok-l m10ok-o m10ok-r\"><div class=\"x-text x-content e47540-e15 m10ok-u m10ok-w m10ok-z m10ok-11 m10ok-13\"><h2>OakTree Dental acepta los siguientes planes de seguro m\u00e9dico de Cigna<\/h2><\/div><div class=\"x-text x-content e47540-e16 m10ok-u m10ok-v m10ok-w m10ok-z m10ok-14 m10ok-15\"><ul>\r\n        <li class=\"ins_li\">Cigna DPPO Advantage<\/li>\r\n        <li class=\"ins_li\">Total Cigna DPPO<\/li>\r\n<\/ul><\/div><div class=\"x-text x-content e47540-e17 m10ok-u m10ok-v m10ok-w m10ok-z m10ok-14\"><p class=\"pdefault\"><b>Si no encuentra su seguro en esta lista, por favor <a href=\"\/es\/contact-us\/\">Contacto<\/a> para ayudarle m\u00e1s.<\/b> <i>Tenga en cuenta que actualmente no aceptamos Medicaid ni planes HMO.<\/i><\/p><\/div><div class=\"x-text x-content e47540-e18 m10ok-u m10ok-v m10ok-w m10ok-z m10ok-14\"><p class=\"pdefault\"><a href=\"\/es\/insurances-we-accept\/#od_insuranceblock\" class=\"txt_under\">Volver a la p\u00e1gina de seguros<\/a><\/p><\/div><\/div><\/div><\/div><div class=\"x-row x-container max width e47540-e19 m10ok-6 m10ok-8 m10ok-a m10ok-c m10ok-e m10ok-i\" style=\"--tco-dc10ok-f:rgb(255, 255, 255);--tco-dc10ok-i:rgb(255, 255, 255);--tco-dc10ok-l:rgb(255, 255, 255);\"><div class=\"x-row-inner\"><div class=\"x-col e47540-e20 m10ok-o m10ok-s\"><div class=\"x-text x-content e47540-e21 m10ok-u m10ok-v m10ok-14 m10ok-16\"><p class=\"pdefault\">Cigna es una excelente opci\u00f3n de seguro dental para particulares y familias que buscan una cobertura completa para la mayor\u00eda de los servicios dentales preventivos y de diagn\u00f3stico a un precio competitivo o sin coste adicional. Su extensa red de profesionales dentales garantiza el acceso a una amplia gama de servicios y especialistas.<\/p>\n<p class=\"pdefault\">Cigna da prioridad al bienestar preventivo, haciendo hincapi\u00e9 en las revisiones y limpiezas peri\u00f3dicas para mantener una salud bucodental \u00f3ptima. Ofrecen funciones de ahorro, como descuentos en determinados procedimientos, y c\u00f3modas herramientas en l\u00ednea para gestionar las prestaciones. Con un enfoque en la atenci\u00f3n de calidad y la satisfacci\u00f3n del cliente, los planes dentales PPO de Cigna proporcionan tranquilidad y flexibilidad para aquellos que buscan una cobertura de seguro dental fiable.<\/p>\n<p class=\"pdefault\">Para m\u00e1s informaci\u00f3n, <a href=\"https:\/\/www.cigna.com\/\" target=\"_new\">haga clic aqu\u00ed para visitar su sitio web.<\/a><\/p><\/div><\/div><div class=\"x-col e47540-e22 m10ok-k m10ok-m m10ok-o m10ok-p\"><span class=\"x-image e47540-e23 m10ok-17\"><img sizes=\"(max-width: 500px) 100vw, 500px\" srcset=\"https:\/\/oaktreedentaljax.com\/wp-content\/uploads\/sites\/29\/2023\/06\/cigna-logo.png 500w, https:\/\/oaktreedentaljax.com\/wp-content\/uploads\/sites\/29\/2023\/06\/cigna-logo-300x161.png 300w, https:\/\/oaktreedentaljax.com\/wp-content\/uploads\/sites\/29\/2023\/06\/cigna-logo-100x54.png 100w\" decoding=\"async\" src=\"https:\/\/oaktreedentaljax.com\/wp-content\/uploads\/sites\/29\/2023\/06\/cigna-logo.png\" width=\"500\" height=\"268\" alt=\"Cigna Healthcare logo featuring the word cigna in blue lowercase letters with a green and blue abstract tree design above the i, and healthcare written in smaller blue letters below.\"><\/span><\/div><\/div><\/div><\/div><div class=\"x-section e47540-e24 m10ok-0 m10ok-1 m10ok-4\"><div class=\"x-row e47540-e25 m10ok-6 m10ok-d m10ok-e m10ok-j\"><div class=\"x-row-inner\"><div class=\"x-col e47540-e26 m10ok-o\"><div class=\"cs-content x-global-block x-global-block-47641 e47641-e0\"><div class=\"x-section e47641-e2 m10rd-0\" style=\"--tco-dc10rd-1:rgb(255, 255, 255);--tco-dc10rd-4:rgb(255, 255, 255);\"><div class=\"x-row x-container max width e47641-e3 m10rd-1 m10rd-2 m10rd-3\"><div class=\"x-row-inner\"><div class=\"x-col e47641-e4 m10rd-5 m10rd-6 m10rd-7\"><div class=\"x-text x-content e47641-e5 m10rd-a m10rd-b\"><h2>Opciones de pago flexibles<\/h2>\n<h3>Para una atenci\u00f3n dental de alta calidad en Jacksonville<\/h3><\/div><div class=\"x-text x-content e47641-e6 m10rd-a m10rd-c\"><p class=\"pdefault\">Para su comodidad, OakTree Dental acepta:<\/p>\n\n<ul>\n \t<li class=\"pdefault\">Una amplia gama de planes de seguro dental PPO -<span>\u00a0<\/span><a href=\"\/es\/insurances-we-accept\/\" target=\"_self\"><b>pulse aqu\u00ed<\/b> para ver qu\u00e9 seguros aceptamos<\/a><\/li>\n \t<li class=\"pdefault\">Plan interno de descuentos y ofertas especiales para pacientes sin seguro m\u00e9dico<\/li>\n \t<li class=\"pdefault\">Efectivo y cheque<\/li>\n \t<li class=\"pdefault\">Todas las principales tarjetas de cr\u00e9dito, incluidas MasterCard, VISA, Discover, American Express, etc.<\/li>\n<\/ul>\n<p class=\"pdefault\"><b>NO aceptamos planes HMO ni Medicaid.<\/b><\/p><\/div><\/div><div class=\"x-col e47641-e7 m10rd-5 m10rd-8 m10rd-9\"><a class=\"x-image e47641-e8 m10rd-e\" href=\"https:\/\/apply.sunbit.com\/OakTreeDental\" target=\"_blank\" rel=\"noopener noreferrer\"><img sizes=\"(max-width: 600px) 100vw, 600px\" srcset=\"https:\/\/oaktreedentaljax.com\/wp-content\/uploads\/sites\/29\/2025\/11\/Dntl_Web_600x500-1.png 600w, https:\/\/oaktreedentaljax.com\/wp-content\/uploads\/sites\/29\/2025\/11\/Dntl_Web_600x500-1-300x250.png 300w, https:\/\/oaktreedentaljax.com\/wp-content\/uploads\/sites\/29\/2025\/11\/Dntl_Web_600x500-1-14x12.png 14w, https:\/\/oaktreedentaljax.com\/wp-content\/uploads\/sites\/29\/2025\/11\/Dntl_Web_600x500-1-100x83.png 100w\" decoding=\"async\" src=\"https:\/\/oaktreedentaljax.com\/wp-content\/uploads\/sites\/29\/2025\/11\/Dntl_Web_600x500-1.png\" width=\"300\" height=\"250\" alt=\"Smile now, Pay-over-time with sunbit\"><\/a><\/div><\/div><\/div><\/div><\/div><\/div><\/div><\/div><\/div><\/div>","protected":false},"excerpt":{"rendered":"<p>Los planes de seguro OakTree Dental acepta. \u00a1Llame 904-290-8766 hoy para programar su cita con nuestros dentistas expertos y de confianza!<\/p>","protected":false},"author":1,"featured_media":0,"parent":0,"menu_order":0,"comment_status":"closed","ping_status":"closed","template":"template-blank-4.php","meta":{"footnotes":""},"class_list":["post-47540","page","type-page","status-publish","hentry","no-post-thumbnail"],"aioseo_notices":[],"aioseo_head":"\n\t\t<!-- All in One SEO Pro 4.9.5.1 - aioseo.com -->\n\t<meta name=\"description\" content=\"The insurance plans OakTree Dental accepts. Call 904-290-8766 today to schedule your appointment with our skilled and trusted dentists!\" \/>\n\t<meta name=\"robots\" content=\"max-image-preview:large\" \/>\n\t<link rel=\"canonical\" href=\"https:\/\/oaktreedentaljax.com\/es\/cigna-dental-insurance-plans\/\" \/>\n\t<meta name=\"generator\" content=\"All in One SEO Pro (AIOSEO) 4.9.5.1\" \/>\n\t\t<meta property=\"og:locale\" content=\"es_ES\" \/>\n\t\t<meta property=\"og:site_name\" content=\"OakTree Dental - OakTree Dental\" \/>\n\t\t<meta property=\"og:type\" content=\"article\" \/>\n\t\t<meta property=\"og:title\" content=\"Cigna Healthcare Dental Insurance Plans - OakTree Dental - Jacksonville Dentist Near You\" \/>\n\t\t<meta property=\"og:description\" content=\"The insurance plans OakTree Dental accepts. Call 904-290-8766 today to schedule your appointment with our skilled and trusted dentists!\" \/>\n\t\t<meta property=\"og:url\" content=\"https:\/\/oaktreedentaljax.com\/es\/cigna-dental-insurance-plans\/\" \/>\n\t\t<meta property=\"og:image\" content=\"https:\/\/oaktreedentaljax.com\/wp-content\/uploads\/sites\/29\/2024\/07\/OTD-Template-Logos-and-review-bugs_OTD_IconColor1024x1024.png\" \/>\n\t\t<meta property=\"og:image:secure_url\" content=\"https:\/\/oaktreedentaljax.com\/wp-content\/uploads\/sites\/29\/2024\/07\/OTD-Template-Logos-and-review-bugs_OTD_IconColor1024x1024.png\" \/>\n\t\t<meta property=\"og:image:width\" content=\"1024\" \/>\n\t\t<meta property=\"og:image:height\" content=\"1024\" \/>\n\t\t<meta property=\"article:published_time\" content=\"2023-06-20T19:37:11+00:00\" \/>\n\t\t<meta property=\"article:modified_time\" content=\"2026-04-01T16:20:51+00:00\" \/>\n\t\t<meta name=\"twitter:card\" content=\"summary\" \/>\n\t\t<meta name=\"twitter:title\" content=\"Cigna Healthcare Dental Insurance Plans - OakTree Dental - Jacksonville Dentist Near You\" \/>\n\t\t<meta name=\"twitter:description\" content=\"The insurance plans OakTree Dental accepts. Call 904-290-8766 today to schedule your appointment with our skilled and trusted dentists!\" \/>\n\t\t<meta name=\"twitter:image\" content=\"https:\/\/oaktreedentaljax.com\/wp-content\/uploads\/sites\/29\/2024\/07\/OTD-Template-Logos-and-review-bugs_OTD_IconColor1024x1024.png\" \/>\n\t\t<script type=\"application\/ld+json\" class=\"aioseo-schema\">\n\t\t\t{\"@context\":\"https:\\\/\\\/schema.org\",\"@graph\":[{\"@type\":\"BreadcrumbList\",\"@id\":\"https:\\\/\\\/oaktreedentaljax.com\\\/es\\\/cigna-dental-insurance-plans\\\/#breadcrumblist\",\"itemListElement\":[{\"@type\":\"ListItem\",\"@id\":\"https:\\\/\\\/oaktreedentaljax.com\\\/es#listItem\",\"position\":1,\"name\":\"Home\",\"item\":\"https:\\\/\\\/oaktreedentaljax.com\\\/es\",\"nextItem\":{\"@type\":\"ListItem\",\"@id\":\"https:\\\/\\\/oaktreedentaljax.com\\\/es\\\/cigna-dental-insurance-plans\\\/#listItem\",\"name\":\"Cigna Healthcare Dental Insurance Plans\"}},{\"@type\":\"ListItem\",\"@id\":\"https:\\\/\\\/oaktreedentaljax.com\\\/es\\\/cigna-dental-insurance-plans\\\/#listItem\",\"position\":2,\"name\":\"Cigna Healthcare Dental Insurance Plans\",\"previousItem\":{\"@type\":\"ListItem\",\"@id\":\"https:\\\/\\\/oaktreedentaljax.com\\\/es#listItem\",\"name\":\"Home\"}}]},{\"@type\":\"Organization\",\"@id\":\"https:\\\/\\\/oaktreedentaljax.com\\\/es\\\/#organization\",\"name\":\"OakTree Dental\",\"description\":\"OakTree Dental\",\"url\":\"https:\\\/\\\/oaktreedentaljax.com\\\/es\\\/\",\"email\":\"office@oaktreedentaljax.com\",\"telephone\":\"+19042908766\",\"logo\":{\"@type\":\"ImageObject\",\"url\":\"https:\\\/\\\/master.operationdental.com\\\/wp-content\\\/uploads\\\/2024\\\/07\\\/OTD-Template-Logos-and-review-bugs_OTD_Logocolor750w.png\",\"@id\":\"https:\\\/\\\/oaktreedentaljax.com\\\/es\\\/cigna-dental-insurance-plans\\\/#organizationLogo\"},\"image\":{\"@id\":\"https:\\\/\\\/oaktreedentaljax.com\\\/es\\\/cigna-dental-insurance-plans\\\/#organizationLogo\"},\"address\":{\"@id\":\"https:\\\/\\\/oaktreedentaljax.com\\\/es\\\/#postaladdress\",\"@type\":\"PostalAddress\",\"streetAddress\":\"14595 Philips Hwy,\",\"postalCode\":\"32256\",\"addressLocality\":\"Jacksonville\",\"addressRegion\":\"Florida\",\"addressCountry\":\"US\"}},{\"@type\":\"WebPage\",\"@id\":\"https:\\\/\\\/oaktreedentaljax.com\\\/es\\\/cigna-dental-insurance-plans\\\/#webpage\",\"url\":\"https:\\\/\\\/oaktreedentaljax.com\\\/es\\\/cigna-dental-insurance-plans\\\/\",\"name\":\"Cigna Healthcare Dental Insurance Plans - OakTree Dental - Jacksonville Dentist Near You\",\"description\":\"The insurance plans OakTree Dental accepts. Call 904-290-8766 today to schedule your appointment with our skilled and trusted dentists!\",\"inLanguage\":\"es-ES\",\"isPartOf\":{\"@id\":\"https:\\\/\\\/oaktreedentaljax.com\\\/es\\\/#website\"},\"breadcrumb\":{\"@id\":\"https:\\\/\\\/oaktreedentaljax.com\\\/es\\\/cigna-dental-insurance-plans\\\/#breadcrumblist\"},\"datePublished\":\"2023-06-20T19:37:11-04:00\",\"dateModified\":\"2026-04-01T12:20:51-04:00\"},{\"@type\":\"WebSite\",\"@id\":\"https:\\\/\\\/oaktreedentaljax.com\\\/es\\\/#website\",\"url\":\"https:\\\/\\\/oaktreedentaljax.com\\\/es\\\/\",\"name\":\"OakTree Dental\",\"description\":\"OakTree Dental\",\"inLanguage\":\"es-ES\",\"publisher\":{\"@id\":\"https:\\\/\\\/oaktreedentaljax.com\\\/es\\\/#organization\"}}]}\n\t\t<\/script>\n\t\t<!-- All in One SEO Pro -->\r\n\t\t<title>Cigna Healthcare Dental Insurance Plans - OakTree Dental - Jacksonville Dentist Near You<\/title>\n\n","aioseo_head_json":{"title":"Planes de seguro dental de Cigna Healthcare - OakTree Dental - Jacksonville Dentist Near You","description":"Los planes de seguro OakTree Dental acepta. \u00a1Llame 904-290-8766 hoy para programar su cita con nuestros dentistas expertos y de confianza!","canonical_url":"https:\/\/oaktreedentaljax.com\/es\/cigna-dental-insurance-plans\/","robots":"max-image-preview:large","keywords":"","webmasterTools":{"miscellaneous":""},"schema":{"@context":"https:\/\/schema.org","@graph":[{"@type":"BreadcrumbList","@id":"https:\/\/oaktreedentaljax.com\/es\/cigna-dental-insurance-plans\/#breadcrumblist","itemListElement":[{"@type":"ListItem","@id":"https:\/\/oaktreedentaljax.com\/es#listItem","position":1,"name":"Home","item":"https:\/\/oaktreedentaljax.com\/es","nextItem":{"@type":"ListItem","@id":"https:\/\/oaktreedentaljax.com\/es\/cigna-dental-insurance-plans\/#listItem","name":"Cigna Healthcare Dental Insurance Plans"}},{"@type":"ListItem","@id":"https:\/\/oaktreedentaljax.com\/es\/cigna-dental-insurance-plans\/#listItem","position":2,"name":"Cigna Healthcare Dental Insurance Plans","previousItem":{"@type":"ListItem","@id":"https:\/\/oaktreedentaljax.com\/es#listItem","name":"Home"}}]},{"@type":"Organization","@id":"https:\/\/oaktreedentaljax.com\/es\/#organization","name":"OakTree Dental","description":"OakTree Dental","url":"https:\/\/oaktreedentaljax.com\/es\/","email":"office@oaktreedentaljax.com","telephone":"+19042908766","logo":{"@type":"ImageObject","url":"https:\/\/master.operationdental.com\/wp-content\/uploads\/2024\/07\/OTD-Template-Logos-and-review-bugs_OTD_Logocolor750w.png","@id":"https:\/\/oaktreedentaljax.com\/es\/cigna-dental-insurance-plans\/#organizationLogo"},"image":{"@id":"https:\/\/oaktreedentaljax.com\/es\/cigna-dental-insurance-plans\/#organizationLogo"},"address":{"@id":"https:\/\/oaktreedentaljax.com\/es\/#postaladdress","@type":"PostalAddress","streetAddress":"14595 Philips Hwy,","postalCode":"32256","addressLocality":"Jacksonville","addressRegion":"Florida","addressCountry":"US"}},{"@type":"WebPage","@id":"https:\/\/oaktreedentaljax.com\/es\/cigna-dental-insurance-plans\/#webpage","url":"https:\/\/oaktreedentaljax.com\/es\/cigna-dental-insurance-plans\/","name":"Cigna Healthcare Dental Insurance Plans - OakTree Dental - Jacksonville Dentist Near You","description":"The insurance plans OakTree Dental accepts. Call 904-290-8766 today to schedule your appointment with our skilled and trusted dentists!","inLanguage":"es-ES","isPartOf":{"@id":"https:\/\/oaktreedentaljax.com\/es\/#website"},"breadcrumb":{"@id":"https:\/\/oaktreedentaljax.com\/es\/cigna-dental-insurance-plans\/#breadcrumblist"},"datePublished":"2023-06-20T19:37:11-04:00","dateModified":"2026-04-01T12:20:51-04:00"},{"@type":"WebSite","@id":"https:\/\/oaktreedentaljax.com\/es\/#website","url":"https:\/\/oaktreedentaljax.com\/es\/","name":"OakTree Dental","description":"OakTree Dental","inLanguage":"es-ES","publisher":{"@id":"https:\/\/oaktreedentaljax.com\/es\/#organization"}}]},"og:locale":"es_ES","og:site_name":"OakTree Dental - OakTree Dental","og:type":"article","og:title":"Cigna Healthcare Dental Insurance Plans - OakTree Dental - Jacksonville Dentist Near You","og:description":"The insurance plans OakTree Dental accepts. Call 904-290-8766 today to schedule your appointment with our skilled and trusted dentists!","og:url":"https:\/\/oaktreedentaljax.com\/es\/cigna-dental-insurance-plans\/","og:image":"https:\/\/oaktreedentaljax.com\/wp-content\/uploads\/sites\/29\/2024\/07\/OTD-Template-Logos-and-review-bugs_OTD_IconColor1024x1024.png","og:image:secure_url":"https:\/\/oaktreedentaljax.com\/wp-content\/uploads\/sites\/29\/2024\/07\/OTD-Template-Logos-and-review-bugs_OTD_IconColor1024x1024.png","og:image:width":1024,"og:image:height":1024,"article:published_time":"2023-06-20T19:37:11+00:00","article:modified_time":"2026-04-01T16:20:51+00:00","twitter:card":"summary","twitter:title":"Cigna Healthcare Dental Insurance Plans - OakTree Dental - Jacksonville Dentist Near You","twitter:description":"The insurance plans OakTree Dental accepts. Call 904-290-8766 today to schedule your appointment with our skilled and trusted dentists!","twitter:image":"https:\/\/oaktreedentaljax.com\/wp-content\/uploads\/sites\/29\/2024\/07\/OTD-Template-Logos-and-review-bugs_OTD_IconColor1024x1024.png"},"aioseo_meta_data":{"post_id":"47540","title":null,"description":null,"keywords":null,"keyphrases":null,"primary_term":null,"canonical_url":null,"og_title":null,"og_description":null,"og_object_type":"default","og_image_type":"default","og_image_url":null,"og_image_width":null,"og_image_height":null,"og_image_custom_url":null,"og_image_custom_fields":null,"og_video":null,"og_custom_url":null,"og_article_section":null,"og_article_tags":null,"twitter_use_og":false,"twitter_card":"default","twitter_image_type":"default","twitter_image_url":null,"twitter_image_custom_url":null,"twitter_image_custom_fields":null,"twitter_title":null,"twitter_description":null,"schema":{"blockGraphs":[],"customGraphs":[],"default":{"data":{"Article":[],"Course":[],"Dataset":[],"FAQPage":[],"Movie":[],"Person":[],"Product":[],"ProductReview":[],"Car":[],"Recipe":[],"Service":[],"SoftwareApplication":[],"WebPage":[]},"graphName":"","isEnabled":true},"graphs":[]},"schema_type":"default","schema_type_options":null,"pillar_content":false,"robots_default":true,"robots_noindex":false,"robots_noarchive":false,"robots_nosnippet":false,"robots_nofollow":false,"robots_noimageindex":false,"robots_noodp":false,"robots_notranslate":false,"robots_max_snippet":null,"robots_max_videopreview":null,"robots_max_imagepreview":"large","priority":null,"frequency":null,"local_seo":null,"seo_analyzer_scan_date":"2026-04-01 17:47:38","breadcrumb_settings":null,"limit_modified_date":false,"reviewed_by":null,"open_ai":null,"ai":null,"created":"2023-10-18 17:11:57","updated":"2026-04-01 18:28:13"},"aioseo_breadcrumb":"<div class=\"aioseo-breadcrumbs\"><span class=\"aioseo-breadcrumb\">\n\t<a href=\"https:\/\/oaktreedentaljax.com\/es\" title=\"Home\">Home<\/a>\n<\/span><span class=\"aioseo-breadcrumb-separator\">\u00bb<\/span><span class=\"aioseo-breadcrumb\">\n\tCigna Healthcare Dental Insurance Plans\n<\/span><\/div>","aioseo_breadcrumb_json":[{"label":"Home","link":"https:\/\/oaktreedentaljax.com\/es"},{"label":"Cigna Healthcare Dental Insurance Plans","link":"https:\/\/oaktreedentaljax.com\/es\/cigna-dental-insurance-plans\/"}],"_links":{"self":[{"href":"https:\/\/oaktreedentaljax.com\/es\/wp-json\/wp\/v2\/pages\/47540","targetHints":{"allow":["GET"]}}],"collection":[{"href":"https:\/\/oaktreedentaljax.com\/es\/wp-json\/wp\/v2\/pages"}],"about":[{"href":"https:\/\/oaktreedentaljax.com\/es\/wp-json\/wp\/v2\/types\/page"}],"author":[{"embeddable":true,"href":"https:\/\/oaktreedentaljax.com\/es\/wp-json\/wp\/v2\/users\/1"}],"replies":[{"embeddable":true,"href":"https:\/\/oaktreedentaljax.com\/es\/wp-json\/wp\/v2\/comments?post=47540"}],"version-history":[{"count":0,"href":"https:\/\/oaktreedentaljax.com\/es\/wp-json\/wp\/v2\/pages\/47540\/revisions"}],"wp:attachment":[{"href":"https:\/\/oaktreedentaljax.com\/es\/wp-json\/wp\/v2\/media?parent=47540"}],"curies":[{"name":"wp","href":"https:\/\/api.w.org\/{rel}","templated":true}]}}