{"id":47532,"date":"2020-11-02T12:33:38","date_gmt":"2020-11-02T16:33:38","guid":{"rendered":"https:\/\/oaktreedentaljax.com\/404-2\/"},"modified":"2026-04-23T08:54:06","modified_gmt":"2026-04-23T12:54:06","slug":"404-2","status":"publish","type":"page","link":"https:\/\/oaktreedentaljax.com\/es\/404-2\/","title":{"rendered":"404 - Personalizado"},"content":{"rendered":"<div id=\"cs-content\" class=\"cs-content\"><div class=\"x-section e47532-e1 m132-0 m132-1 m132-3 hero_video\" style=\"--tco-dc132-1:rgb(47, 150, 190);--tco-dc132-4:rgb(47, 150, 190);\"><div class=\"x-bg\" aria-hidden=\"true\"><div class=\"x-bg-layer-lower-color\"><\/div><div class=\"x-bg-layer-upper-color\"><\/div><\/div><div class=\"x-row x-container max width e47532-e2 m132-4 m132-5 m132-6 m132-9 m132-a\"><div class=\"x-row-inner\"><div class=\"x-col e47532-e3 m132-d m132-e m132-f\"><div class=\"x-div e47532-e4 m132-h\"><div class=\"x-text x-content e47532-e5 m132-i m132-j m132-k m132-l m132-m\"><p class=\"p9px txt_white\">Se Habla Espa\u00f1ol<\/p><\/div><div class=\"x-text x-content e47532-e6 m132-i m132-j m132-k m132-l m132-m\"><p class=\"p9px txt_white\">Citas de urgencia disponibles<\/p><\/div><\/div><div class=\"x-text x-content e47532-e7 m132-i m132-m m132-n\"><a class=\"x-image\" href=\"\/es\/homepage\/\" style=\"outline: none;\"><img sizes=\"(max-width: 960px) 100vw, 960px\" srcset=\"https:\/\/oaktreedentaljax.com\/wp-content\/uploads\/sites\/29\/2025\/09\/GPI-0128-001_OTD_White_960x374.png 960w, https:\/\/oaktreedentaljax.com\/wp-content\/uploads\/sites\/29\/2025\/09\/GPI-0128-001_OTD_White_960x374-300x117.png 300w, https:\/\/oaktreedentaljax.com\/wp-content\/uploads\/sites\/29\/2025\/09\/GPI-0128-001_OTD_White_960x374-768x299.png 768w, https:\/\/oaktreedentaljax.com\/wp-content\/uploads\/sites\/29\/2025\/09\/GPI-0128-001_OTD_White_960x374-18x7.png 18w, https:\/\/oaktreedentaljax.com\/wp-content\/uploads\/sites\/29\/2025\/09\/GPI-0128-001_OTD_White_960x374-100x39.png 100w\" decoding=\"async\" src=\"https:\/\/oaktreedentaljax.com\/wp-content\/uploads\/sites\/29\/2025\/09\/GPI-0128-001_OTD_White_960x374.png\" width=\"450\" height=\"140\" alt=\"OakTree Dental Logo\" loading=\"lazy\"><\/a><\/div><\/div><\/div><\/div><div class=\"x-row x-container max width e47532-e8 m132-4 m132-6 m132-7 m132-9 m132-b\"><div class=\"x-row-inner\"><div class=\"x-col e47532-e9 m132-d m132-f m132-g\"><div class=\"x-text x-content e47532-e10 m132-i m132-l m132-o\"><h1 class=\"txt_white\">P\u00e1gina no encontrada<\/h1><\/div><div class=\"x-text x-content e47532-e11 m132-i m132-j m132-m m132-p\"><p class=\"pdefault txt_white\">Aunque a nadie le gusta no encontrar la p\u00e1gina que busca, creemos que le gustar\u00e1 <a href=\"\/es\/special-offers\/\" target=\"_self\" class=\"txt_white\">esta p\u00e1gina<\/a> \u00a1en su lugar!<\/p><\/div><\/div><\/div><\/div><\/div><div class=\"x-section e47532-e12 m132-0 m132-2\"><div class=\"x-row e47532-e13 m132-4 m132-8 m132-9 m132-c\"><div class=\"x-row-inner\"><div class=\"x-col e47532-e14 m132-f\"><div class=\"cs-content x-global-block x-global-block-47641 e47641-e0\"><div class=\"x-section e47641-e2 m10rd-0\" style=\"--tco-dc10rd-1:rgb(255, 255, 255);--tco-dc10rd-4:rgb(255, 255, 255);\"><div class=\"x-row x-container max width e47641-e3 m10rd-1 m10rd-2 m10rd-3\"><div class=\"x-row-inner\"><div class=\"x-col e47641-e4 m10rd-5 m10rd-6 m10rd-7\"><div class=\"x-text x-content e47641-e5 m10rd-a m10rd-b\"><h2>Opciones de pago flexibles<\/h2>\n<h3>Para una atenci\u00f3n dental de alta calidad en Jacksonville<\/h3><\/div><div class=\"x-text x-content e47641-e6 m10rd-a m10rd-c\"><p class=\"pdefault\">Para su comodidad, OakTree Dental acepta:<\/p>\n\n<ul>\n \t<li class=\"pdefault\">Una amplia gama de planes de seguro dental PPO -<span>\u00a0<\/span><a href=\"\/es\/insurances-we-accept\/\" target=\"_self\"><b>pulse aqu\u00ed<\/b> para ver qu\u00e9 seguros aceptamos<\/a><\/li>\n \t<li class=\"pdefault\">Plan interno de descuentos y ofertas especiales para pacientes sin seguro m\u00e9dico<\/li>\n \t<li class=\"pdefault\">Efectivo y cheque<\/li>\n \t<li class=\"pdefault\">Todas las principales tarjetas de cr\u00e9dito, incluidas MasterCard, VISA, Discover, American Express, etc.<\/li>\n<\/ul>\n<p class=\"pdefault\"><b>NO aceptamos planes HMO ni Medicaid.<\/b><\/p><\/div><\/div><div class=\"x-col e47641-e7 m10rd-5 m10rd-8 m10rd-9\"><a class=\"x-image e47641-e8 m10rd-e\" href=\"https:\/\/apply.sunbit.com\/OakTreeDental\" target=\"_blank\" rel=\"noopener noreferrer\"><img decoding=\"async\" src=\"https:\/\/oaktreedentaljax.com\/wp-content\/uploads\/sites\/29\/2025\/11\/Dntl_Web_600x500-1.png\" srcset=\"https:\/\/oaktreedentaljax.com\/wp-content\/uploads\/sites\/29\/2025\/11\/Dntl_Web_600x500-1.png 600w, https:\/\/oaktreedentaljax.com\/wp-content\/uploads\/sites\/29\/2025\/11\/Dntl_Web_600x500-1-300x250.png 300w, https:\/\/oaktreedentaljax.com\/wp-content\/uploads\/sites\/29\/2025\/11\/Dntl_Web_600x500-1-14x12.png 14w, https:\/\/oaktreedentaljax.com\/wp-content\/uploads\/sites\/29\/2025\/11\/Dntl_Web_600x500-1-100x83.png 100w\" sizes=\"(max-width: 600px) 100vw, 600px\" alt=\"Smile now, Pay-over-time with sunbit\"><\/a><\/div><\/div><\/div><\/div><\/div><\/div><\/div><\/div><\/div><\/div>","protected":false},"excerpt":{"rendered":"<p>Se Habla Espa\u00f1olCitas de Emergencia DisponiblesP\u00e1gina no encontradaAunque a nadie le gusta cuando no pueden encontrar la p\u00e1gina que est\u00e1n buscando, creemos que podr\u00eda gustarle esta p\u00e1gina en su lugar! Opciones de pago flexibles para el cuidado dental de alta calidad en JacksonvillePara su comodidad, OakTree Dental acepta: Una amplia gama de planes de seguro dental PPO - haga clic aqu\u00ed para ver qu\u00e9 seguros que aceptamos ...<\/p>","protected":false},"author":2,"featured_media":0,"parent":0,"menu_order":0,"comment_status":"closed","ping_status":"closed","template":"template-blank-4.php","meta":{"footnotes":""},"class_list":["post-47532","page","type-page","status-publish","hentry","no-post-thumbnail"],"aioseo_notices":[],"aioseo_head":"\n\t\t<!-- All in One SEO Pro 4.9.6.2 - aioseo.com -->\n\t<meta name=\"description\" content=\"Se Habla Espa\u00f1olEmergency Appointments AvailablePage not foundWhile no one likes it when they can&#039;t find the page they are looking for, we think you might like this page instead!Flexible Payment Options For High-Quality Dental Care in JacksonvilleFor your convenience, OakTree Dental accepts: A wide range of PPO dental insurance plans - click here to see which\" \/>\n\t<meta name=\"robots\" content=\"max-image-preview:large\" \/>\n\t<link rel=\"canonical\" href=\"https:\/\/oaktreedentaljax.com\/es\/404-2\/\" \/>\n\t<meta name=\"generator\" content=\"All in One SEO Pro (AIOSEO) 4.9.6.2\" \/>\n\t\t<meta property=\"og:locale\" content=\"es_ES\" \/>\n\t\t<meta property=\"og:site_name\" content=\"OakTree Dental - OakTree Dental\" \/>\n\t\t<meta property=\"og:type\" content=\"website\" \/>\n\t\t<meta property=\"og:title\" content=\"404 \u2013 Custom - OakTree Dental - Dentist Near You\" \/>\n\t\t<meta property=\"og:description\" content=\"Se Habla Espa\u00f1olEmergency Appointments AvailablePage not foundWhile no one likes it when they can&#039;t find the page they are looking for, we think you might like this page instead!Flexible Payment Options For High-Quality Dental Care in JacksonvilleFor your convenience, OakTree Dental accepts: A wide range of PPO dental insurance plans - click here to see which\" \/>\n\t\t<meta property=\"og:url\" content=\"https:\/\/oaktreedentaljax.com\/es\/404-2\/\" \/>\n\t\t<meta property=\"og:image\" content=\"https:\/\/oaktreedentaljax.com\/wp-content\/uploads\/sites\/29\/2024\/07\/OTD-Template-Logos-and-review-bugs_OTD_IconColor1024x1024.png\" \/>\n\t\t<meta property=\"og:image:secure_url\" content=\"https:\/\/oaktreedentaljax.com\/wp-content\/uploads\/sites\/29\/2024\/07\/OTD-Template-Logos-and-review-bugs_OTD_IconColor1024x1024.png\" \/>\n\t\t<meta property=\"og:image:width\" content=\"1024\" \/>\n\t\t<meta property=\"og:image:height\" content=\"1024\" \/>\n\t\t<meta name=\"twitter:card\" content=\"summary\" \/>\n\t\t<meta name=\"twitter:title\" content=\"404 \u2013 Custom - OakTree Dental - Dentist Near You\" \/>\n\t\t<meta name=\"twitter:description\" content=\"Se Habla Espa\u00f1olEmergency Appointments AvailablePage not foundWhile no one likes it when they can&#039;t find the page they are looking for, we think you might like this page instead!Flexible Payment Options For High-Quality Dental Care in JacksonvilleFor your convenience, OakTree Dental accepts: A wide range of PPO dental insurance plans - click here to see which\" \/>\n\t\t<meta name=\"twitter:image\" content=\"https:\/\/oaktreedentaljax.com\/wp-content\/uploads\/sites\/29\/2024\/07\/OTD-Template-Logos-and-review-bugs_OTD_IconColor1024x1024.png\" \/>\n\t\t<script type=\"application\/ld+json\" class=\"aioseo-schema\">\n\t\t\t{\"@context\":\"https:\\\/\\\/schema.org\",\"@graph\":[{\"@type\":\"BreadcrumbList\",\"@id\":\"https:\\\/\\\/oaktreedentaljax.com\\\/es\\\/404-2\\\/#breadcrumblist\",\"itemListElement\":[{\"@type\":\"ListItem\",\"@id\":\"https:\\\/\\\/oaktreedentaljax.com\\\/es#listItem\",\"position\":1,\"name\":\"Home\",\"item\":\"https:\\\/\\\/oaktreedentaljax.com\\\/es\",\"nextItem\":{\"@type\":\"ListItem\",\"@id\":\"https:\\\/\\\/oaktreedentaljax.com\\\/es\\\/404-2\\\/#listItem\",\"name\":\"404 &#8211; Custom\"}},{\"@type\":\"ListItem\",\"@id\":\"https:\\\/\\\/oaktreedentaljax.com\\\/es\\\/404-2\\\/#listItem\",\"position\":2,\"name\":\"404 &#8211; Custom\",\"previousItem\":{\"@type\":\"ListItem\",\"@id\":\"https:\\\/\\\/oaktreedentaljax.com\\\/es#listItem\",\"name\":\"Home\"}}]},{\"@type\":\"Organization\",\"@id\":\"https:\\\/\\\/oaktreedentaljax.com\\\/es\\\/#organization\",\"name\":\"OakTree Dental\",\"description\":\"OakTree Dental\",\"url\":\"https:\\\/\\\/oaktreedentaljax.com\\\/es\\\/\",\"email\":\"office@oaktreedentaljax.com\",\"telephone\":\"+19042908766\",\"logo\":{\"@type\":\"ImageObject\",\"url\":\"https:\\\/\\\/master.operationdental.com\\\/wp-content\\\/uploads\\\/2024\\\/07\\\/OTD-Template-Logos-and-review-bugs_OTD_Logocolor750w.png\",\"@id\":\"https:\\\/\\\/oaktreedentaljax.com\\\/es\\\/404-2\\\/#organizationLogo\"},\"image\":{\"@id\":\"https:\\\/\\\/oaktreedentaljax.com\\\/es\\\/404-2\\\/#organizationLogo\"},\"address\":{\"@id\":\"https:\\\/\\\/oaktreedentaljax.com\\\/es\\\/#postaladdress\",\"@type\":\"PostalAddress\",\"streetAddress\":\"14595 Philips Hwy,\",\"postalCode\":\"32256\",\"addressLocality\":\"Jacksonville\",\"addressRegion\":\"Florida\",\"addressCountry\":\"US\"}},{\"@type\":\"WebPage\",\"@id\":\"https:\\\/\\\/oaktreedentaljax.com\\\/es\\\/404-2\\\/#webpage\",\"url\":\"https:\\\/\\\/oaktreedentaljax.com\\\/es\\\/404-2\\\/\",\"name\":\"404 \\u2013 Custom - OakTree Dental - Dentist Near You\",\"description\":\"Se Habla Espa\\u00f1olEmergency Appointments AvailablePage not foundWhile no one likes it when they can't find the page they are looking for, we think you might like this page instead!Flexible Payment Options For High-Quality Dental Care in JacksonvilleFor your convenience, OakTree Dental accepts: A wide range of PPO dental insurance plans - click here to see which\",\"inLanguage\":\"es-ES\",\"isPartOf\":{\"@id\":\"https:\\\/\\\/oaktreedentaljax.com\\\/es\\\/#website\"},\"breadcrumb\":{\"@id\":\"https:\\\/\\\/oaktreedentaljax.com\\\/es\\\/404-2\\\/#breadcrumblist\"},\"datePublished\":\"2020-11-02T12:33:38-05:00\",\"dateModified\":\"2026-04-23T08:54:06-04:00\"},{\"@type\":\"WebSite\",\"@id\":\"https:\\\/\\\/oaktreedentaljax.com\\\/es\\\/#website\",\"url\":\"https:\\\/\\\/oaktreedentaljax.com\\\/es\\\/\",\"name\":\"OakTree Dental\",\"description\":\"OakTree Dental\",\"inLanguage\":\"es-ES\",\"publisher\":{\"@id\":\"https:\\\/\\\/oaktreedentaljax.com\\\/es\\\/#organization\"}}]}\n\t\t<\/script>\n\t\t<!-- All in One SEO Pro -->\r\n\t\t<title>404 \u2013 Custom - OakTree Dental - Dentist Near You<\/title>\n\n","aioseo_head_json":{"title":"404 - Personalizado - OakTree Dental - Dentista cerca de usted","description":"Se Habla Espa\u00f1olCitas de Emergencia DisponiblesP\u00e1gina no encontradaAunque a nadie le gusta cuando no pueden encontrar la p\u00e1gina que est\u00e1n buscando, creemos que podr\u00eda gustarle esta p\u00e1gina en su lugar! Opciones de pago flexibles para el cuidado dental de alta calidad en JacksonvillePara su comodidad, OakTree Dental acepta: Una amplia gama de planes de seguro dental PPO - haga clic aqu\u00ed para ver cu\u00e1l","canonical_url":"https:\/\/oaktreedentaljax.com\/es\/404-2\/","robots":"max-image-preview:large","keywords":"","webmasterTools":{"miscellaneous":""},"schema":{"@context":"https:\/\/schema.org","@graph":[{"@type":"BreadcrumbList","@id":"https:\/\/oaktreedentaljax.com\/es\/404-2\/#breadcrumblist","itemListElement":[{"@type":"ListItem","@id":"https:\/\/oaktreedentaljax.com\/es#listItem","position":1,"name":"Home","item":"https:\/\/oaktreedentaljax.com\/es","nextItem":{"@type":"ListItem","@id":"https:\/\/oaktreedentaljax.com\/es\/404-2\/#listItem","name":"404 &#8211; Custom"}},{"@type":"ListItem","@id":"https:\/\/oaktreedentaljax.com\/es\/404-2\/#listItem","position":2,"name":"404 &#8211; Custom","previousItem":{"@type":"ListItem","@id":"https:\/\/oaktreedentaljax.com\/es#listItem","name":"Home"}}]},{"@type":"Organization","@id":"https:\/\/oaktreedentaljax.com\/es\/#organization","name":"OakTree Dental","description":"OakTree Dental","url":"https:\/\/oaktreedentaljax.com\/es\/","email":"office@oaktreedentaljax.com","telephone":"+19042908766","logo":{"@type":"ImageObject","url":"https:\/\/master.operationdental.com\/wp-content\/uploads\/2024\/07\/OTD-Template-Logos-and-review-bugs_OTD_Logocolor750w.png","@id":"https:\/\/oaktreedentaljax.com\/es\/404-2\/#organizationLogo"},"image":{"@id":"https:\/\/oaktreedentaljax.com\/es\/404-2\/#organizationLogo"},"address":{"@id":"https:\/\/oaktreedentaljax.com\/es\/#postaladdress","@type":"PostalAddress","streetAddress":"14595 Philips Hwy,","postalCode":"32256","addressLocality":"Jacksonville","addressRegion":"Florida","addressCountry":"US"}},{"@type":"WebPage","@id":"https:\/\/oaktreedentaljax.com\/es\/404-2\/#webpage","url":"https:\/\/oaktreedentaljax.com\/es\/404-2\/","name":"404 \u2013 Custom - OakTree Dental - Dentist Near You","description":"Se Habla Espa\u00f1olEmergency Appointments AvailablePage not foundWhile no one likes it when they can't find the page they are looking for, we think you might like this page instead!Flexible Payment Options For High-Quality Dental Care in JacksonvilleFor your convenience, OakTree Dental accepts: A wide range of PPO dental insurance plans - click here to see which","inLanguage":"es-ES","isPartOf":{"@id":"https:\/\/oaktreedentaljax.com\/es\/#website"},"breadcrumb":{"@id":"https:\/\/oaktreedentaljax.com\/es\/404-2\/#breadcrumblist"},"datePublished":"2020-11-02T12:33:38-05:00","dateModified":"2026-04-23T08:54:06-04:00"},{"@type":"WebSite","@id":"https:\/\/oaktreedentaljax.com\/es\/#website","url":"https:\/\/oaktreedentaljax.com\/es\/","name":"OakTree Dental","description":"OakTree Dental","inLanguage":"es-ES","publisher":{"@id":"https:\/\/oaktreedentaljax.com\/es\/#organization"}}]},"og:locale":"es_ES","og:site_name":"OakTree Dental - OakTree Dental","og:type":"website","og:title":"404 \u2013 Custom - OakTree Dental - Dentist Near You","og:description":"Se Habla Espa\u00f1olEmergency Appointments AvailablePage not foundWhile no one likes it when they can't find the page they are looking for, we think you might like this page instead!Flexible Payment Options For High-Quality Dental Care in JacksonvilleFor your convenience, OakTree Dental accepts: A wide range of PPO dental insurance plans - click here to see which","og:url":"https:\/\/oaktreedentaljax.com\/es\/404-2\/","og:image":"https:\/\/oaktreedentaljax.com\/wp-content\/uploads\/sites\/29\/2024\/07\/OTD-Template-Logos-and-review-bugs_OTD_IconColor1024x1024.png","og:image:secure_url":"https:\/\/oaktreedentaljax.com\/wp-content\/uploads\/sites\/29\/2024\/07\/OTD-Template-Logos-and-review-bugs_OTD_IconColor1024x1024.png","og:image:width":1024,"og:image:height":1024,"twitter:card":"summary","twitter:title":"404 \u2013 Custom - OakTree Dental - Dentist Near You","twitter:description":"Se Habla Espa\u00f1olEmergency Appointments AvailablePage not foundWhile no one likes it when they can't find the page they are looking for, we think you might like this page instead!Flexible Payment Options For High-Quality Dental Care in JacksonvilleFor your convenience, OakTree Dental accepts: A wide range of PPO dental insurance plans - click here to see which","twitter:image":"https:\/\/oaktreedentaljax.com\/wp-content\/uploads\/sites\/29\/2024\/07\/OTD-Template-Logos-and-review-bugs_OTD_IconColor1024x1024.png"},"aioseo_meta_data":{"post_id":"47532","title":"#post_title #separator_sa #site_title #separator_sa Dentista cerca de ti","description":"#post_excerpt","keywords":null,"keyphrases":{"focus":{"keyphrase":"","score":0,"analysis":{"keyphraseInTitle":{"score":0,"maxScore":9,"error":1}}},"additional":[]},"primary_term":null,"canonical_url":null,"og_title":null,"og_description":null,"og_object_type":"website","og_image_type":"default","og_image_url":null,"og_image_width":null,"og_image_height":null,"og_image_custom_url":null,"og_image_custom_fields":null,"og_video":"","og_custom_url":null,"og_article_section":null,"og_article_tags":null,"twitter_use_og":false,"twitter_card":"default","twitter_image_type":"default","twitter_image_url":null,"twitter_image_custom_url":null,"twitter_image_custom_fields":null,"twitter_title":null,"twitter_description":null,"schema":{"blockGraphs":[],"customGraphs":[],"default":{"data":{"Article":[],"Course":[],"Dataset":[],"FAQPage":[],"Movie":[],"Person":[],"Product":[],"ProductReview":[],"Car":[],"Recipe":[],"Service":[],"SoftwareApplication":[],"WebPage":[]},"graphName":"WebPage","isEnabled":true},"graphs":[]},"schema_type":"default","schema_type_options":null,"pillar_content":false,"robots_default":true,"robots_noindex":false,"robots_noarchive":false,"robots_nosnippet":false,"robots_nofollow":false,"robots_noimageindex":false,"robots_noodp":false,"robots_notranslate":false,"robots_max_snippet":"-1","robots_max_videopreview":"-1","robots_max_imagepreview":"large","priority":null,"frequency":"default","local_seo":null,"seo_analyzer_scan_date":"2026-04-21 16:01:17","breadcrumb_settings":null,"limit_modified_date":false,"reviewed_by":"0","open_ai":null,"ai":{"faqs":[],"keyPoints":[],"titles":[],"descriptions":[],"socialPosts":{"email":[],"linkedin":[],"twitter":[],"facebook":[],"instagram":[]}},"created":"2023-10-18 17:08:56","updated":"2026-04-23 12:58:57"},"aioseo_breadcrumb":"<div class=\"aioseo-breadcrumbs\"><span class=\"aioseo-breadcrumb\">\n\t<a href=\"https:\/\/oaktreedentaljax.com\/es\" title=\"Home\">Home<\/a>\n<\/span><span class=\"aioseo-breadcrumb-separator\">\u00bb<\/span><span class=\"aioseo-breadcrumb\">\n\t404 \u2013 Custom\n<\/span><\/div>","aioseo_breadcrumb_json":[{"label":"Home","link":"https:\/\/oaktreedentaljax.com\/es"},{"label":"404 &#8211; Custom","link":"https:\/\/oaktreedentaljax.com\/es\/404-2\/"}],"_links":{"self":[{"href":"https:\/\/oaktreedentaljax.com\/es\/wp-json\/wp\/v2\/pages\/47532","targetHints":{"allow":["GET"]}}],"collection":[{"href":"https:\/\/oaktreedentaljax.com\/es\/wp-json\/wp\/v2\/pages"}],"about":[{"href":"https:\/\/oaktreedentaljax.com\/es\/wp-json\/wp\/v2\/types\/page"}],"author":[{"embeddable":true,"href":"https:\/\/oaktreedentaljax.com\/es\/wp-json\/wp\/v2\/users\/2"}],"replies":[{"embeddable":true,"href":"https:\/\/oaktreedentaljax.com\/es\/wp-json\/wp\/v2\/comments?post=47532"}],"version-history":[{"count":0,"href":"https:\/\/oaktreedentaljax.com\/es\/wp-json\/wp\/v2\/pages\/47532\/revisions"}],"wp:attachment":[{"href":"https:\/\/oaktreedentaljax.com\/es\/wp-json\/wp\/v2\/media?parent=47532"}],"curies":[{"name":"wp","href":"https:\/\/api.w.org\/{rel}","templated":true}]}}